{"id":667,"date":"2026-03-24T16:17:49","date_gmt":"2026-03-24T15:17:49","guid":{"rendered":"https:\/\/transflowers.com\/?page_id=667"},"modified":"2026-03-24T16:31:24","modified_gmt":"2026-03-24T15:31:24","slug":"impresszum","status":"publish","type":"page","link":"https:\/\/transflowers.com\/en\/impresszum\/","title":{"rendered":"Impresszum"},"content":{"rendered":"<div data-elementor-type=\"wp-page\" data-elementor-id=\"667\" class=\"elementor elementor-667\" data-elementor-post-type=\"page\">\n\t\t\t\t<div class=\"elementor-element elementor-element-58daf438 e-flex e-con-boxed e-con e-parent\" data-id=\"58daf438\" data-element_type=\"container\" data-e-type=\"container\" data-settings=\"{&quot;background_background&quot;:&quot;classic&quot;}\">\n\t\t\t\t\t<div class=\"e-con-inner\">\n\t\t\t\t<div class=\"elementor-element elementor-element-42fc7130 elementor-widget elementor-widget-heading\" data-id=\"42fc7130\" data-element_type=\"widget\" data-e-type=\"widget\" data-widget_type=\"heading.default\">\n\t\t\t\t\t<h2 class=\"elementor-heading-title elementor-size-default\">Impresszum<\/h2>\t\t\t\t<\/div>\n\t\t\t\t\t<\/div>\n\t\t\t\t<\/div>\n\t\t<div class=\"elementor-element elementor-element-ffc93ca e-con-full e-flex e-con e-parent\" data-id=\"ffc93ca\" data-element_type=\"container\" data-e-type=\"container\">\n\t\t<div class=\"elementor-element elementor-element-39c1d837 e-flex e-con-boxed e-con e-child\" data-id=\"39c1d837\" data-element_type=\"container\" data-e-type=\"container\">\n\t\t\t\t\t<div class=\"e-con-inner\">\n\t\t<div class=\"elementor-element elementor-element-7ea3b06d e-con-full e-flex e-con e-child\" data-id=\"7ea3b06d\" data-element_type=\"container\" data-e-type=\"container\" data-settings=\"{&quot;background_background&quot;:&quot;classic&quot;}\">\n\t\t\t\t<div class=\"elementor-element elementor-element-2b4a9a0 elementor-widget elementor-widget-text-editor\" data-id=\"2b4a9a0\" data-element_type=\"widget\" data-e-type=\"widget\" data-widget_type=\"text-editor.default\">\n\t\t\t\t\t\t\t\t\t<p><strong>C\u00e9gn\u00e9v:<\/strong> SPEDEMEX Kft.<\/p><p><strong>C\u00edm: <\/strong>4224 Hajd\u00fab\u00f6sz\u00f6rm\u00e9ny-Bodasz\u0151l\u0151, Zelem\u00e9r utca 161.<\/p><p><strong>Mobil:<\/strong> +36 70 415 60 50<\/p><p><strong>Ad\u00f3sz\u00e1m:<\/strong> 23808902-2-09<\/p><p><strong>C\u00e9gjegyz\u00e9ksz\u00e1m:<\/strong> 09-09-022565<\/p>\t\t\t\t\t\t\t\t<\/div>\n\t\t\t\t<\/div>\n\t\t<div class=\"elementor-element elementor-element-d37d00e e-con-full e-flex e-con e-child\" data-id=\"d37d00e\" data-element_type=\"container\" data-e-type=\"container\" data-settings=\"{&quot;background_background&quot;:&quot;classic&quot;}\">\n\t\t\t\t<div class=\"elementor-element elementor-element-613737a elementor-widget elementor-widget-text-editor\" data-id=\"613737a\" data-element_type=\"widget\" data-e-type=\"widget\" data-widget_type=\"text-editor.default\">\n\t\t\t\t\t\t\t\t\t<p><strong>T\u00e1rhely szolg\u00e1ltat\u00f3 neve, el\u00e9rhet\u0151s\u00e9ge:<\/strong> Sybell Informatika Kft.<\/p><p><strong>Iroda \u00e9s postac\u00edm:<\/strong> 1158 Budapest, K\u00e9sm\u00e1rk u. 7.\/b. II. em. 206.<\/p><p><strong>Telefonsz\u00e1m:<\/strong> <a href=\"Tel: +36 1 707 67 26\">+36 1 707 67 26<\/a><\/p><p>E-mail: <a href=\"mailto:info@sybell.hu\">info@sybell.hu<\/a><\/p><p>Web: <a href=\"http:\/\/www.sybell.hu\">www.sybell.hu<\/a><\/p>\t\t\t\t\t\t\t\t<\/div>\n\t\t\t\t<\/div>\n\t\t\t\t\t<\/div>\n\t\t\t\t<\/div>\n\t\t\t\t<\/div>\n\t\t<div class=\"elementor-element elementor-element-c6deac1 e-flex e-con-boxed e-con e-parent\" data-id=\"c6deac1\" data-element_type=\"container\" data-e-type=\"container\">\n\t\t\t\t\t<div class=\"e-con-inner\">\n\t\t\t\t\t<\/div>\n\t\t\t\t<\/div>\n\t\t\t\t<\/div>","protected":false},"excerpt":{"rendered":"<p>Impresszum C\u00e9gn\u00e9v: SPEDEMEX Kft. C\u00edm: 4224 Hajd\u00fab\u00f6sz\u00f6rm\u00e9ny-Bodasz\u0151l\u0151, Zelem\u00e9r utca 161. Mobil: +36 70 415 60 50 Ad\u00f3sz\u00e1m: 23808902-2-09 C\u00e9gjegyz\u00e9ksz\u00e1m: 09-09-022565 T\u00e1rhely szolg\u00e1ltat\u00f3 neve, el\u00e9rhet\u0151s\u00e9ge: Sybell Informatika Kft. Iroda \u00e9s postac\u00edm: 1158 Budapest, K\u00e9sm\u00e1rk u. 7.\/b. II. em. 206. Telefonsz\u00e1m: +36 1 707 67 26 E-mail: info@sybell.hu Web: www.sybell.hu<\/p>","protected":false},"author":1,"featured_media":0,"parent":0,"menu_order":0,"comment_status":"closed","ping_status":"closed","template":"elementor_header_footer","meta":{"_seopress_robots_primary_cat":"","_seopress_titles_title":"","_seopress_titles_desc":"","_seopress_robots_index":"","footnotes":""},"class_list":["post-667","page","type-page","status-publish","hentry"],"_links":{"self":[{"href":"https:\/\/transflowers.com\/en\/wp-json\/wp\/v2\/pages\/667","targetHints":{"allow":["GET"]}}],"collection":[{"href":"https:\/\/transflowers.com\/en\/wp-json\/wp\/v2\/pages"}],"about":[{"href":"https:\/\/transflowers.com\/en\/wp-json\/wp\/v2\/types\/page"}],"author":[{"embeddable":true,"href":"https:\/\/transflowers.com\/en\/wp-json\/wp\/v2\/users\/1"}],"replies":[{"embeddable":true,"href":"https:\/\/transflowers.com\/en\/wp-json\/wp\/v2\/comments?post=667"}],"version-history":[{"count":0,"href":"https:\/\/transflowers.com\/en\/wp-json\/wp\/v2\/pages\/667\/revisions"}],"wp:attachment":[{"href":"https:\/\/transflowers.com\/en\/wp-json\/wp\/v2\/media?parent=667"}],"curies":[{"name":"wp","href":"https:\/\/api.w.org\/{rel}","templated":true}]}}