{"id":163,"date":"2026-03-22T13:25:48","date_gmt":"2026-03-22T12:25:48","guid":{"rendered":"https:\/\/transflowers.com\/?page_id=163"},"modified":"2026-04-03T16:03:57","modified_gmt":"2026-04-03T14:03:57","slug":"fenntarthato-fuvarozas","status":"publish","type":"page","link":"https:\/\/transflowers.com\/en\/fenntarthato-fuvarozas\/","title":{"rendered":"Sustainable transport"},"content":{"rendered":"<div data-elementor-type=\"wp-page\" data-elementor-id=\"163\" class=\"elementor elementor-163\" data-elementor-post-type=\"page\">\n\t\t\t\t<div class=\"elementor-element elementor-element-2b8f7879 e-flex e-con-boxed e-con e-parent\" data-id=\"2b8f7879\" data-element_type=\"container\" data-e-type=\"container\" data-settings=\"{&quot;background_background&quot;:&quot;classic&quot;}\">\n\t\t\t\t\t<div class=\"e-con-inner\">\n\t\t\t\t<div class=\"elementor-element elementor-element-7fe2033a elementor-widget elementor-widget-heading\" data-id=\"7fe2033a\" data-element_type=\"widget\" data-e-type=\"widget\" data-widget_type=\"heading.default\">\n\t\t\t\t\t<h2 class=\"elementor-heading-title elementor-size-default\">Sustainable transport<\/h2>\t\t\t\t<\/div>\n\t\t\t\t<div class=\"elementor-element elementor-element-2d058a02 elementor-widget__width-initial elementor-widget elementor-widget-text-editor\" data-id=\"2d058a02\" data-element_type=\"widget\" data-e-type=\"widget\" data-widget_type=\"text-editor.default\">\n\t\t\t\t\t\t\t\t\t<p>TFL \u2013 k\u00f6rnyezetbar\u00e1t megold\u00e1sok ma, \u00e9s m\u00e9g z\u00f6ldebb j\u00f6v\u0151 holnap.<\/p>\t\t\t\t\t\t\t\t<\/div>\n\t\t\t\t\t<\/div>\n\t\t\t\t<\/div>\n\t\t<div class=\"elementor-element elementor-element-6aea1999 e-flex e-con-boxed e-con e-parent\" data-id=\"6aea1999\" data-element_type=\"container\" data-e-type=\"container\" data-settings=\"{&quot;background_background&quot;:&quot;classic&quot;}\">\n\t\t\t\t\t<div class=\"e-con-inner\">\n\t\t<div class=\"elementor-element elementor-element-64084fb6 e-con-full e-flex e-con e-child\" data-id=\"64084fb6\" data-element_type=\"container\" data-e-type=\"container\">\n\t\t<div class=\"elementor-element elementor-element-11adf5c9 e-con-full e-flex e-con e-child\" data-id=\"11adf5c9\" data-element_type=\"container\" data-e-type=\"container\">\n\t\t\t\t<div class=\"elementor-element elementor-element-7346afb elementor-widget elementor-widget-image\" data-id=\"7346afb\" data-element_type=\"widget\" data-e-type=\"widget\" data-widget_type=\"image.default\">\n\t\t\t\t\t\t\t\t\t\t\t\t\t\t\t<img fetchpriority=\"high\" decoding=\"async\" width=\"800\" height=\"533\" src=\"https:\/\/transflowers.com\/wp-content\/uploads\/2026\/03\/co_kibocstas.jpg\" class=\"attachment-large size-large wp-image-655\" alt=\"co_kibocstas\" srcset=\"https:\/\/transflowers.com\/wp-content\/uploads\/2026\/03\/co_kibocstas.jpg 987w, https:\/\/transflowers.com\/wp-content\/uploads\/2026\/03\/co_kibocstas-300x200.jpg 300w, https:\/\/transflowers.com\/wp-content\/uploads\/2026\/03\/co_kibocstas-768x511.jpg 768w\" sizes=\"(max-width: 800px) 100vw, 800px\" \/>\t\t\t\t\t\t\t\t\t\t\t\t\t\t\t<\/div>\n\t\t\t\t<div class=\"elementor-element elementor-element-e1200e6 elementor-widget elementor-widget-text-editor\" data-id=\"e1200e6\" data-element_type=\"widget\" data-e-type=\"widget\" data-widget_type=\"text-editor.default\">\n\t\t\t\t\t\t\t\t\t<p>Modern kamionparkunk nemcsak l\u00e1tv\u00e1nyos, hanem rendk\u00edv\u00fcl hat\u00e9kony \u00e9s k\u00f6rnyezetbar\u00e1t is. Az egys\u00e9ges arculat \u00e9s a m\u0171szaki megb\u00edzhat\u00f3s\u00e1g a TFL garanci\u00e1ja a min\u0151s\u00e9gre \u00e9s a fenntarthat\u00f3s\u00e1gra.<\/p><p>A TFL nemcsak alacsony CO2 kibocs\u00e1t\u00e1s\u00e1val emelkedik ki a fuvaroz\u00e1si piacr\u00f3l, hanem azzal is, hogy m\u0171k\u00f6d\u00e9s\u00e9nek minden ter\u00fclet\u00e9n el\u0151t\u00e9rbe helyezi a fenntarthat\u00f3s\u00e1got. Minden egyes megrendel\u00e9s egy \u00fajabb l\u00e9p\u00e9s egy z\u00f6ldebb j\u00f6v\u0151 fel\u00e9. Folyamatosan figyelj\u00fck a piacot, \u00e9s nyitottak vagyunk az innovat\u00edv megold\u00e1sokra. Amennyiben a piaci \u00e9s technikai k\u00f6r\u00fclm\u00e9nyek lehet\u0151v\u00e9 teszik, a j\u00f6v\u0151ben elektromos kamionokat is rendszerbe \u00e1ll\u00edtunk. Ezzel nemcsak a helyi emisszi\u00f3t cs\u00f6kkentj\u00fck, hanem a teljes logisztikai l\u00e1ncot is k\u00f6rnyezetbar\u00e1tabb\u00e1 tessz\u00fck.<\/p>\t\t\t\t\t\t\t\t<\/div>\n\t\t\t\t<\/div>\n\t\t<div class=\"elementor-element elementor-element-3f76b2b e-con-full e-flex e-con e-child\" data-id=\"3f76b2b\" data-element_type=\"container\" data-e-type=\"container\">\n\t\t\t\t<div class=\"elementor-element elementor-element-91f5bba elementor-widget elementor-widget-text-editor\" data-id=\"91f5bba\" data-element_type=\"widget\" data-e-type=\"widget\" data-widget_type=\"text-editor.default\">\n\t\t\t\t\t\t\t\t\t<p>A TFL modern fuvaroz\u00e1si flott\u00e1ja elk\u00f6telezett a k\u00f6rnyezetv\u00e9delem \u00e9s a fenntarthat\u00f3 j\u00f6v\u0151 ir\u00e1nt.<br \/>C\u00e9lunk, hogy hat\u00e9kony logisztikai megold\u00e1sokat ny\u00fajtsunk, a lehet\u0151s\u00e9gekhez m\u00e9rten a lehet\u0151 legkisebb \u00f6kol\u00f3giai l\u00e1bnyommal.<\/p><p>Flott\u00e1nk f\u0151 jellemz\u0151i:<\/p><p>Teljesen \u00faj, legfeljebb 2 \u00e9ves kamionok<br \/>\u00c1tlagos fogyaszt\u00e1s: 22 liter \/ 100 km<br \/>CO2-kibocs\u00e1t\u00e1s: 0,46 g\/tkm \u2013 az egyik legalacsonyabb \u00e9rt\u00e9k a piacon<\/p>\t\t\t\t\t\t\t\t<\/div>\n\t\t\t\t<div class=\"elementor-element elementor-element-1cad23f elementor-widget elementor-widget-image\" data-id=\"1cad23f\" data-element_type=\"widget\" data-e-type=\"widget\" data-widget_type=\"image.default\">\n\t\t\t\t\t\t\t\t\t\t\t\t\t\t\t<img decoding=\"async\" width=\"800\" height=\"600\" src=\"https:\/\/transflowers.com\/wp-content\/uploads\/2026\/03\/bec40366-7f9d-4b15-bf26-26911d123d96-1536x1152-1-1024x768.jpg\" class=\"attachment-large size-large wp-image-211\" alt=\"TFL G\u00e9ppark\" srcset=\"https:\/\/transflowers.com\/wp-content\/uploads\/2026\/03\/bec40366-7f9d-4b15-bf26-26911d123d96-1536x1152-1-1024x768.jpg 1024w, https:\/\/transflowers.com\/wp-content\/uploads\/2026\/03\/bec40366-7f9d-4b15-bf26-26911d123d96-1536x1152-1-300x225.jpg 300w, https:\/\/transflowers.com\/wp-content\/uploads\/2026\/03\/bec40366-7f9d-4b15-bf26-26911d123d96-1536x1152-1-768x576.jpg 768w, https:\/\/transflowers.com\/wp-content\/uploads\/2026\/03\/bec40366-7f9d-4b15-bf26-26911d123d96-1536x1152-1.jpg 1536w\" sizes=\"(max-width: 800px) 100vw, 800px\" \/>\t\t\t\t\t\t\t\t\t\t\t\t\t\t\t<\/div>\n\t\t\t\t<\/div>\n\t\t\t\t<\/div>\n\t\t\t\t\t<\/div>\n\t\t\t\t<\/div>\n\t\t<div class=\"elementor-element elementor-element-bb22058 e-flex e-con-boxed e-con e-parent\" data-id=\"bb22058\" data-element_type=\"container\" data-e-type=\"container\">\n\t\t\t\t\t<div class=\"e-con-inner\">\n\t\t\t\t\t<\/div>\n\t\t\t\t<\/div>\n\t\t\t\t<\/div>","protected":false},"excerpt":{"rendered":"<p>Fenntarthat\u00f3 fuvaroz\u00e1s TFL \u2013 k\u00f6rnyezetbar\u00e1t megold\u00e1sok ma, \u00e9s m\u00e9g z\u00f6ldebb j\u00f6v\u0151 holnap. Modern kamionparkunk nemcsak l\u00e1tv\u00e1nyos, hanem rendk\u00edv\u00fcl hat\u00e9kony \u00e9s k\u00f6rnyezetbar\u00e1t is. Az egys\u00e9ges arculat \u00e9s a m\u0171szaki megb\u00edzhat\u00f3s\u00e1g a TFL garanci\u00e1ja a min\u0151s\u00e9gre \u00e9s a fenntarthat\u00f3s\u00e1gra. A TFL nemcsak alacsony CO2 kibocs\u00e1t\u00e1s\u00e1val emelkedik ki a fuvaroz\u00e1si piacr\u00f3l, hanem azzal is, hogy m\u0171k\u00f6d\u00e9s\u00e9nek minden ter\u00fclet\u00e9n [&hellip;]<\/p>\n","protected":false},"author":1,"featured_media":0,"parent":0,"menu_order":0,"comment_status":"closed","ping_status":"closed","template":"elementor_header_footer","meta":{"_seopress_robots_primary_cat":"","_seopress_titles_title":"","_seopress_titles_desc":"","_seopress_robots_index":"","footnotes":""},"class_list":["post-163","page","type-page","status-publish","hentry"],"_links":{"self":[{"href":"https:\/\/transflowers.com\/en\/wp-json\/wp\/v2\/pages\/163","targetHints":{"allow":["GET"]}}],"collection":[{"href":"https:\/\/transflowers.com\/en\/wp-json\/wp\/v2\/pages"}],"about":[{"href":"https:\/\/transflowers.com\/en\/wp-json\/wp\/v2\/types\/page"}],"author":[{"embeddable":true,"href":"https:\/\/transflowers.com\/en\/wp-json\/wp\/v2\/users\/1"}],"replies":[{"embeddable":true,"href":"https:\/\/transflowers.com\/en\/wp-json\/wp\/v2\/comments?post=163"}],"version-history":[{"count":0,"href":"https:\/\/transflowers.com\/en\/wp-json\/wp\/v2\/pages\/163\/revisions"}],"wp:attachment":[{"href":"https:\/\/transflowers.com\/en\/wp-json\/wp\/v2\/media?parent=163"}],"curies":[{"name":"wp","href":"https:\/\/api.w.org\/{rel}","templated":true}]}}