{"id":151,"date":"2026-03-22T13:23:48","date_gmt":"2026-03-22T12:23:48","guid":{"rendered":"https:\/\/transflowers.com\/?page_id=151"},"modified":"2026-04-03T15:52:06","modified_gmt":"2026-04-03T13:52:06","slug":"allas","status":"publish","type":"page","link":"https:\/\/transflowers.com\/en\/allas\/","title":{"rendered":"Job offers"},"content":{"rendered":"<div data-elementor-type=\"wp-page\" data-elementor-id=\"151\" class=\"elementor elementor-151\" data-elementor-post-type=\"page\">\n\t\t\t\t<div class=\"elementor-element elementor-element-1440bae6 e-flex e-con-boxed e-con e-parent\" data-id=\"1440bae6\" data-element_type=\"container\" data-e-type=\"container\" data-settings=\"{&quot;background_background&quot;:&quot;classic&quot;}\">\n\t\t\t\t\t<div class=\"e-con-inner\">\n\t\t\t\t<div class=\"elementor-element elementor-element-7c4f6e6a elementor-widget elementor-widget-heading\" data-id=\"7c4f6e6a\" data-element_type=\"widget\" data-e-type=\"widget\" data-widget_type=\"heading.default\">\n\t\t\t\t\t<h2 class=\"elementor-heading-title elementor-size-default\">Job offers<\/h2>\t\t\t\t<\/div>\n\t\t\t\t<div class=\"elementor-element elementor-element-7774f8ed elementor-widget__width-initial elementor-widget elementor-widget-text-editor\" data-id=\"7774f8ed\" data-element_type=\"widget\" data-e-type=\"widget\" data-widget_type=\"text-editor.default\">\n\t\t\t\t\t\t\t\t\t<p>N\u00e9zd meg aktu\u00e1lis \u00e1ll\u00e1saj\u00e1nlatainkat, t\u00f6ltsd fel \u00f6n\u00e9letrajzodat, majd t\u00f6ltsd ki \u00e9s k\u00fcldd el a jelentkez\u00e9si \u0171rlapot.<\/p>\t\t\t\t\t\t\t\t<\/div>\n\t\t\t\t\t<\/div>\n\t\t\t\t<\/div>\n\t\t<div class=\"elementor-element elementor-element-7556ca19 e-flex e-con-boxed e-con e-parent\" data-id=\"7556ca19\" data-element_type=\"container\" data-e-type=\"container\" data-settings=\"{&quot;background_background&quot;:&quot;classic&quot;}\">\n\t\t\t\t\t<div class=\"e-con-inner\">\n\t\t\t\t<div class=\"elementor-element elementor-element-9ddff75 elementor-grid-3 elementor-grid-tablet-2 elementor-grid-mobile-1 elementor-posts--thumbnail-top elementor-widget elementor-widget-posts\" data-id=\"9ddff75\" data-element_type=\"widget\" data-e-type=\"widget\" data-settings=\"{&quot;classic_columns&quot;:&quot;3&quot;,&quot;classic_columns_tablet&quot;:&quot;2&quot;,&quot;classic_columns_mobile&quot;:&quot;1&quot;,&quot;classic_row_gap&quot;:{&quot;unit&quot;:&quot;px&quot;,&quot;size&quot;:35,&quot;sizes&quot;:[]},&quot;classic_row_gap_tablet&quot;:{&quot;unit&quot;:&quot;px&quot;,&quot;size&quot;:&quot;&quot;,&quot;sizes&quot;:[]},&quot;classic_row_gap_mobile&quot;:{&quot;unit&quot;:&quot;px&quot;,&quot;size&quot;:&quot;&quot;,&quot;sizes&quot;:[]}}\" data-widget_type=\"posts.classic\">\n\t\t\t\t<div class=\"elementor-widget-container\">\n\t\t\t\t\t\t\t<div class=\"elementor-posts-container elementor-posts elementor-posts--skin-classic elementor-grid\" role=\"list\">\r\n\t\t\t\t<article class=\"elementor-post elementor-grid-item post-829 post type-post status-publish format-standard has-post-thumbnail hentry category-allasajanlatok\" role=\"listitem\">\r\n\t\t\t\t<a class=\"elementor-post__thumbnail__link\" href=\"https:\/\/transflowers.com\/en\/nemzetkozi-sofor-allas\/\" tabindex=\"-1\" >\r\n\t\t\t<div class=\"elementor-post__thumbnail\"><img fetchpriority=\"high\" decoding=\"async\" width=\"1200\" height=\"900\" src=\"https:\/\/transflowers.com\/wp-content\/uploads\/2026\/03\/IMG_6142.jpg\" class=\"attachment-full size-full wp-image-212\" alt=\"TFL vontat\u00f3k\" srcset=\"https:\/\/transflowers.com\/wp-content\/uploads\/2026\/03\/IMG_6142.jpg 1200w, https:\/\/transflowers.com\/wp-content\/uploads\/2026\/03\/IMG_6142-300x225.jpg 300w, https:\/\/transflowers.com\/wp-content\/uploads\/2026\/03\/IMG_6142-1024x768.jpg 1024w, https:\/\/transflowers.com\/wp-content\/uploads\/2026\/03\/IMG_6142-768x576.jpg 768w\" sizes=\"(max-width: 1200px) 100vw, 1200px\" \/><\/div>\r\n\t\t<\/a>\r\n\t\t\t\t<div class=\"elementor-post__text\">\r\n\t\t\t\t<h3 class=\"elementor-post__title\">\r\n\t\t\t<a href=\"https:\/\/transflowers.com\/en\/nemzetkozi-sofor-allas\/\" >\r\n\t\t\t\tNemzetk\u00f6zi sof\u0151r \u00e1ll\u00e1s\t\t\t<\/a>\r\n\t\t<\/h3>\r\n\t\t\t\t<div class=\"elementor-post__meta-data\">\r\n\t\t\t\t\t<span class=\"elementor-post-date\">\r\n\t\t\t2026.03.25.\t\t<\/span>\r\n\t\t\t\t<span class=\"elementor-post-avatar\">\r\n\t\t\tNo Comments\t\t<\/span>\r\n\t\t\t\t<\/div>\r\n\t\t\t\t<div class=\"elementor-post__excerpt\">\r\n\t\t\t<p>Nemzetk\u00f6zi G\u00e9pkocsivezet\u0151ket Keres\u00fcnk! (N\u00e9gykezes j\u00e1ratok)Stabil h\u00e1tter\u0171, nemzetk\u00f6zi sz\u00e1ll\u00edtm\u00e1nyoz\u00e1ssal foglalkoz\u00f3 c\u00e9g\u00fcnk tapasztalattal rendelkez\u0151 g\u00e9pkocsivezet\u0151ket keres nyerges-h\u0171t\u0151s szerelv\u00e9nyekre, hossz\u00fa t\u00e1v\u00fa munkav\u00e9gz\u00e9sre. A munka le\u00edr\u00e1sa: J\u00e1ratok: Kifejezetten \u201en\u00e9gykezes\u201d<\/p>\n\t\t<\/div>\r\n\t\t\r\n\t\t<a class=\"elementor-post__read-more\" href=\"https:\/\/transflowers.com\/en\/nemzetkozi-sofor-allas\/\" aria-label=\"Read more about Nemzetk\u00f6zi sof\u0151r \u00e1ll\u00e1s\" tabindex=\"-1\" >\r\n\t\t\tB\u0151vebben \u00bb\t\t<\/a>\r\n\r\n\t\t\t\t<\/div>\r\n\t\t\t\t<\/article>\r\n\t\t\t\t<article class=\"elementor-post elementor-grid-item post-1229 post type-post status-publish format-standard has-post-thumbnail hentry category-allasajanlatok\" role=\"listitem\">\r\n\t\t\t\t<a class=\"elementor-post__thumbnail__link\" href=\"https:\/\/transflowers.com\/en\/belfoldi-sofor-allas\/\" tabindex=\"-1\" >\r\n\t\t\t<div class=\"elementor-post__thumbnail\"><img decoding=\"async\" width=\"1024\" height=\"768\" src=\"https:\/\/transflowers.com\/wp-content\/uploads\/2026\/03\/52.atmeretezett.jpg\" class=\"attachment-full size-full wp-image-592\" alt=\"TFL\" srcset=\"https:\/\/transflowers.com\/wp-content\/uploads\/2026\/03\/52.atmeretezett.jpg 1024w, https:\/\/transflowers.com\/wp-content\/uploads\/2026\/03\/52.atmeretezett-300x225.jpg 300w, https:\/\/transflowers.com\/wp-content\/uploads\/2026\/03\/52.atmeretezett-768x576.jpg 768w\" sizes=\"(max-width: 1024px) 100vw, 1024px\" \/><\/div>\r\n\t\t<\/a>\r\n\t\t\t\t<div class=\"elementor-post__text\">\r\n\t\t\t\t<h3 class=\"elementor-post__title\">\r\n\t\t\t<a href=\"https:\/\/transflowers.com\/en\/belfoldi-sofor-allas\/\" >\r\n\t\t\t\tBelf\u00f6ldes C+E g\u00e9pkocsivezet\u0151ket keres\u00fcnk Szigetszentmikl\u00f3si telephelyre!\t\t\t<\/a>\r\n\t\t<\/h3>\r\n\t\t\t\t<div class=\"elementor-post__meta-data\">\r\n\t\t\t\t\t<span class=\"elementor-post-date\">\r\n\t\t\t2026.04.03.\t\t<\/span>\r\n\t\t\t\t<span class=\"elementor-post-avatar\">\r\n\t\t\tNo Comments\t\t<\/span>\r\n\t\t\t\t<\/div>\r\n\t\t\t\t<div class=\"elementor-post__excerpt\">\r\n\t\t\t<p>Csatlakozz hozz\u00e1nk hossz\u00fa t\u00e1v\u00fa munkalehet\u0151s\u00e9g\u00e9rt! Amit k\u00edn\u00e1lunk: Feladatk\u00f6r: Belf\u00f6ldi \u00e1rusz\u00e1ll\u00edt\u00e1s \u00c1ru el\u0151- \u00e9s kirakod\u00e1sa, kapcsol\u00f3d\u00f3 feladatok Elv\u00e1r\u00e1sok: Ne maradj le, csatlakozz hozz\u00e1nk m\u00e9g ma!\u00c9rdekel az<\/p>\n\t\t<\/div>\r\n\t\t\r\n\t\t<a class=\"elementor-post__read-more\" href=\"https:\/\/transflowers.com\/en\/belfoldi-sofor-allas\/\" aria-label=\"Read more about Belf\u00f6ldes C+E g\u00e9pkocsivezet\u0151ket keres\u00fcnk Szigetszentmikl\u00f3si telephelyre!\" tabindex=\"-1\" >\r\n\t\t\tB\u0151vebben \u00bb\t\t<\/a>\r\n\r\n\t\t\t\t<\/div>\r\n\t\t\t\t<\/article>\r\n\t\t\t\t<article class=\"elementor-post elementor-grid-item post-843 post type-post status-publish format-standard has-post-thumbnail hentry category-allasajanlatok\" role=\"listitem\">\r\n\t\t\t\t<a class=\"elementor-post__thumbnail__link\" href=\"https:\/\/transflowers.com\/en\/fuvarszervezo-speditor-adminisztrator\/\" tabindex=\"-1\" >\r\n\t\t\t<div class=\"elementor-post__thumbnail\"><img decoding=\"async\" width=\"1008\" height=\"756\" src=\"https:\/\/transflowers.com\/wp-content\/uploads\/2026\/03\/speditor.webp\" class=\"attachment-full size-full wp-image-846\" alt=\"speditor\" srcset=\"https:\/\/transflowers.com\/wp-content\/uploads\/2026\/03\/speditor.webp 1008w, https:\/\/transflowers.com\/wp-content\/uploads\/2026\/03\/speditor-300x225.webp 300w, https:\/\/transflowers.com\/wp-content\/uploads\/2026\/03\/speditor-768x576.webp 768w\" sizes=\"(max-width: 1008px) 100vw, 1008px\" \/><\/div>\r\n\t\t<\/a>\r\n\t\t\t\t<div class=\"elementor-post__text\">\r\n\t\t\t\t<h3 class=\"elementor-post__title\">\r\n\t\t\t<a href=\"https:\/\/transflowers.com\/en\/fuvarszervezo-speditor-adminisztrator\/\" >\r\n\t\t\t\tFuvarszervez\u0151 spedit\u0151r, adminisztr\u00e1tor\t\t\t<\/a>\r\n\t\t<\/h3>\r\n\t\t\t\t<div class=\"elementor-post__meta-data\">\r\n\t\t\t\t\t<span class=\"elementor-post-date\">\r\n\t\t\t2026.03.25.\t\t<\/span>\r\n\t\t\t\t<span class=\"elementor-post-avatar\">\r\n\t\t\tNo Comments\t\t<\/span>\r\n\t\t\t\t<\/div>\r\n\t\t\t\t<div class=\"elementor-post__excerpt\">\r\n\t\t\t<p>Az \u00e1ll\u00e1saj\u00e1nlat le\u00edr\u00e1sa: Feladatok: Jelentkezni \u00f6n\u00e9letrajzzal lehet.<\/p>\n\t\t<\/div>\r\n\t\t\r\n\t\t<a class=\"elementor-post__read-more\" href=\"https:\/\/transflowers.com\/en\/fuvarszervezo-speditor-adminisztrator\/\" aria-label=\"Read more about Fuvarszervez\u0151 spedit\u0151r, adminisztr\u00e1tor\" tabindex=\"-1\" >\r\n\t\t\tB\u0151vebben \u00bb\t\t<\/a>\r\n\r\n\t\t\t\t<\/div>\r\n\t\t\t\t<\/article>\r\n\t\t\t\t<\/div>\r\n\t\t\r\n\t\t\t\t\t\t<\/div>\n\t\t\t\t<\/div>\n\t\t\t\t\t<\/div>\n\t\t\t\t<\/div>\n\t\t<div class=\"elementor-element elementor-element-db5076b e-flex e-con-boxed e-con e-parent\" data-id=\"db5076b\" data-element_type=\"container\" data-e-type=\"container\">\n\t\t\t\t\t<div class=\"e-con-inner\">\n\t\t\t\t\t<\/div>\n\t\t\t\t<\/div>\n\t\t\t\t<\/div>","protected":false},"excerpt":{"rendered":"<p>\u00c1ll\u00e1saj\u00e1nlatok N\u00e9zd meg aktu\u00e1lis \u00e1ll\u00e1saj\u00e1nlatainkat, t\u00f6ltsd fel \u00f6n\u00e9letrajzodat, majd t\u00f6ltsd ki \u00e9s k\u00fcldd el a jelentkez\u00e9si \u0171rlapot.<\/p>","protected":false},"author":1,"featured_media":0,"parent":0,"menu_order":0,"comment_status":"closed","ping_status":"closed","template":"elementor_header_footer","meta":{"_seopress_robots_primary_cat":"","_seopress_titles_title":"","_seopress_titles_desc":"","_seopress_robots_index":"","footnotes":""},"class_list":["post-151","page","type-page","status-publish","hentry"],"_links":{"self":[{"href":"https:\/\/transflowers.com\/en\/wp-json\/wp\/v2\/pages\/151","targetHints":{"allow":["GET"]}}],"collection":[{"href":"https:\/\/transflowers.com\/en\/wp-json\/wp\/v2\/pages"}],"about":[{"href":"https:\/\/transflowers.com\/en\/wp-json\/wp\/v2\/types\/page"}],"author":[{"embeddable":true,"href":"https:\/\/transflowers.com\/en\/wp-json\/wp\/v2\/users\/1"}],"replies":[{"embeddable":true,"href":"https:\/\/transflowers.com\/en\/wp-json\/wp\/v2\/comments?post=151"}],"version-history":[{"count":0,"href":"https:\/\/transflowers.com\/en\/wp-json\/wp\/v2\/pages\/151\/revisions"}],"wp:attachment":[{"href":"https:\/\/transflowers.com\/en\/wp-json\/wp\/v2\/media?parent=151"}],"curies":[{"name":"wp","href":"https:\/\/api.w.org\/{rel}","templated":true}]}}