{"id":143,"date":"2026-03-22T13:21:58","date_gmt":"2026-03-22T12:21:58","guid":{"rendered":"https:\/\/transflowers.com\/?page_id=143"},"modified":"2026-04-11T12:12:31","modified_gmt":"2026-04-11T10:12:31","slug":"szolgaltatasok","status":"publish","type":"page","link":"https:\/\/transflowers.com\/en\/szolgaltatasok\/","title":{"rendered":"Services"},"content":{"rendered":"<div data-elementor-type=\"wp-page\" data-elementor-id=\"143\" class=\"elementor elementor-143\" data-elementor-post-type=\"page\">\n\t\t\t\t<div class=\"elementor-element elementor-element-2406af5f e-flex e-con-boxed e-con e-parent\" data-id=\"2406af5f\" data-element_type=\"container\" data-e-type=\"container\" data-settings=\"{&quot;background_background&quot;:&quot;classic&quot;}\">\n\t\t\t\t\t<div class=\"e-con-inner\">\n\t\t\t\t<div class=\"elementor-element elementor-element-6b32058e elementor-widget elementor-widget-heading\" data-id=\"6b32058e\" data-element_type=\"widget\" data-e-type=\"widget\" data-widget_type=\"heading.default\">\n\t\t\t\t\t<h1 class=\"elementor-heading-title elementor-size-default\">Services<\/h1>\t\t\t\t<\/div>\n\t\t\t\t\t<\/div>\n\t\t\t\t<\/div>\n\t\t<div class=\"elementor-element elementor-element-8b0e6d6 e-flex e-con-boxed e-con e-parent\" data-id=\"8b0e6d6\" data-element_type=\"container\" data-e-type=\"container\" data-settings=\"{&quot;background_background&quot;:&quot;classic&quot;,&quot;animation&quot;:&quot;none&quot;}\">\n\t\t\t\t\t<div class=\"e-con-inner\">\n\t\t<div class=\"elementor-element elementor-element-1d41bd0 e-con-full e-flex e-con e-child\" data-id=\"1d41bd0\" data-element_type=\"container\" data-e-type=\"container\" data-settings=\"{&quot;animation&quot;:&quot;none&quot;}\">\n\t\t<div class=\"elementor-element elementor-element-f6edfab e-con-full e-flex e-con e-child\" data-id=\"f6edfab\" data-element_type=\"container\" data-e-type=\"container\" data-settings=\"{&quot;animation&quot;:&quot;none&quot;,&quot;background_background&quot;:&quot;classic&quot;}\">\n\t\t\t\t<div class=\"elementor-element elementor-element-8a47e56 elementor-position-top elementor-widget elementor-widget-image-box\" data-id=\"8a47e56\" data-element_type=\"widget\" data-e-type=\"widget\" data-widget_type=\"image-box.default\">\n\t\t\t\t\t<div class=\"elementor-image-box-wrapper\"><figure class=\"elementor-image-box-img\"><img fetchpriority=\"high\" decoding=\"async\" width=\"683\" height=\"512\" src=\"https:\/\/transflowers.com\/wp-content\/uploads\/2026\/03\/Nemzetkozi-viragfuvarozas.webp\" class=\"attachment-full size-full wp-image-331\" alt=\"Nemzetk\u00f6zi vir\u00e1gfuvaroz\u00e1s\" srcset=\"https:\/\/transflowers.com\/wp-content\/uploads\/2026\/03\/Nemzetkozi-viragfuvarozas.webp 683w, https:\/\/transflowers.com\/wp-content\/uploads\/2026\/03\/Nemzetkozi-viragfuvarozas-300x225.webp 300w\" sizes=\"(max-width: 683px) 100vw, 683px\" \/><\/figure><div class=\"elementor-image-box-content\"><h2 class=\"elementor-image-box-title\">Nemzetk\u00f6zi vir\u00e1gfuvaroz\u00e1s<\/h2><p class=\"elementor-image-box-description\">Hollandia\u2013Magyarorsz\u00e1g k\u00f6z\u00f6tt.<\/p><\/div><\/div>\t\t\t\t<\/div>\n\t\t\t\t<div class=\"elementor-element elementor-element-60b1d46 elementor-view-framed elementor-shape-rounded elementor-absolute elementor-widget elementor-widget-icon\" data-id=\"60b1d46\" data-element_type=\"widget\" data-e-type=\"widget\" data-settings=\"{&quot;_position&quot;:&quot;absolute&quot;}\" data-widget_type=\"icon.default\">\n\t\t\t\t\t\t\t<div class=\"elementor-icon-wrapper\">\n\t\t\t<div class=\"elementor-icon\">\n\t\t\t<svg aria-hidden=\"true\" class=\"e-font-icon-svg e-fas-road\" viewbox=\"0 0 576 512\" xmlns=\"http:\/\/www.w3.org\/2000\/svg\"><path d=\"M573.19 402.67l-139.79-320C428.43 71.29 417.6 64 405.68 64h-97.59l2.45 23.16c.5 4.72-3.21 8.84-7.96 8.84h-29.16c-4.75 0-8.46-4.12-7.96-8.84L267.91 64h-97.59c-11.93 0-22.76 7.29-27.73 18.67L2.8 402.67C-6.45 423.86 8.31 448 30.54 448h196.84l10.31-97.68c.86-8.14 7.72-14.32 15.91-14.32h68.8c8.19 0 15.05 6.18 15.91 14.32L348.62 448h196.84c22.23 0 36.99-24.14 27.73-45.33zM260.4 135.16a8 8 0 0 1 7.96-7.16h39.29c4.09 0 7.53 3.09 7.96 7.16l4.6 43.58c.75 7.09-4.81 13.26-11.93 13.26h-40.54c-7.13 0-12.68-6.17-11.93-13.26l4.59-43.58zM315.64 304h-55.29c-9.5 0-16.91-8.23-15.91-17.68l5.07-48c.86-8.14 7.72-14.32 15.91-14.32h45.15c8.19 0 15.05 6.18 15.91 14.32l5.07 48c1 9.45-6.41 17.68-15.91 17.68z\"><\/path><\/svg>\t\t\t<\/div>\n\t\t<\/div>\n\t\t\t\t\t\t<\/div>\n\t\t\t\t<div class=\"elementor-element elementor-element-1890798 elementor-widget__width-initial elementor-absolute elementor-widget elementor-widget-spacer\" data-id=\"1890798\" data-element_type=\"widget\" data-e-type=\"widget\" data-settings=\"{&quot;_position&quot;:&quot;absolute&quot;}\" data-widget_type=\"spacer.default\">\n\t\t\t\t\t\t\t<div class=\"elementor-spacer\">\n\t\t\t<div class=\"elementor-spacer-inner\"><\/div>\n\t\t<\/div>\n\t\t\t\t\t\t<\/div>\n\t\t\t\t<div class=\"elementor-element elementor-element-aa86921 elementor-widget__width-initial elementor-absolute elementor-widget elementor-widget-spacer\" data-id=\"aa86921\" data-element_type=\"widget\" data-e-type=\"widget\" data-settings=\"{&quot;_position&quot;:&quot;absolute&quot;}\" data-widget_type=\"spacer.default\">\n\t\t\t\t\t\t\t<div class=\"elementor-spacer\">\n\t\t\t<div class=\"elementor-spacer-inner\"><\/div>\n\t\t<\/div>\n\t\t\t\t\t\t<\/div>\n\t\t\t\t<\/div>\n\t\t<div class=\"elementor-element elementor-element-d855468 e-con-full e-flex e-con e-child\" data-id=\"d855468\" data-element_type=\"container\" data-e-type=\"container\" data-settings=\"{&quot;animation&quot;:&quot;none&quot;,&quot;background_background&quot;:&quot;classic&quot;}\">\n\t\t\t\t<div class=\"elementor-element elementor-element-c586db2 elementor-position-top elementor-widget elementor-widget-image-box\" data-id=\"c586db2\" data-element_type=\"widget\" data-e-type=\"widget\" data-widget_type=\"image-box.default\">\n\t\t\t\t\t<div class=\"elementor-image-box-wrapper\"><figure class=\"elementor-image-box-img\"><img decoding=\"async\" width=\"768\" height=\"512\" src=\"https:\/\/transflowers.com\/wp-content\/uploads\/2026\/03\/Temperalt-arufuvarozas-DAF.png\" class=\"attachment-full size-full wp-image-1068\" alt=\"Temper\u00e1lt \u00e1rufuvaroz\u00e1s DAF\" srcset=\"https:\/\/transflowers.com\/wp-content\/uploads\/2026\/03\/Temperalt-arufuvarozas-DAF.png 768w, https:\/\/transflowers.com\/wp-content\/uploads\/2026\/03\/Temperalt-arufuvarozas-DAF-300x200.png 300w\" sizes=\"(max-width: 768px) 100vw, 768px\" \/><\/figure><div class=\"elementor-image-box-content\"><h2 class=\"elementor-image-box-title\">Temper\u00e1lt \u00e1rufuvaroz\u00e1s<\/h2><p class=\"elementor-image-box-description\">\u201320\u202f\u00b0C \u00e9s +25\u202f\u00b0C k\u00f6z\u00f6tti h\u0151m\u00e9rs\u00e9kleten, friss term\u00e9kek, \u00e9lelmiszerek \u00e9s gy\u00f3gyszerek sz\u00e1ll\u00edt\u00e1sa<\/p><\/div><\/div>\t\t\t\t<\/div>\n\t\t\t\t<div class=\"elementor-element elementor-element-c0d5f71 elementor-view-framed elementor-shape-rounded elementor-absolute elementor-widget elementor-widget-icon\" data-id=\"c0d5f71\" data-element_type=\"widget\" data-e-type=\"widget\" data-settings=\"{&quot;_position&quot;:&quot;absolute&quot;}\" data-widget_type=\"icon.default\">\n\t\t\t\t\t\t\t<div class=\"elementor-icon-wrapper\">\n\t\t\t<div class=\"elementor-icon\">\n\t\t\t<i aria-hidden=\"true\" class=\"icon icon-sun\"><\/i>\t\t\t<\/div>\n\t\t<\/div>\n\t\t\t\t\t\t<\/div>\n\t\t\t\t<div class=\"elementor-element elementor-element-fdc671f elementor-widget__width-initial elementor-absolute elementor-widget elementor-widget-spacer\" data-id=\"fdc671f\" data-element_type=\"widget\" data-e-type=\"widget\" data-settings=\"{&quot;_position&quot;:&quot;absolute&quot;}\" data-widget_type=\"spacer.default\">\n\t\t\t\t\t\t\t<div class=\"elementor-spacer\">\n\t\t\t<div class=\"elementor-spacer-inner\"><\/div>\n\t\t<\/div>\n\t\t\t\t\t\t<\/div>\n\t\t\t\t<div class=\"elementor-element elementor-element-9d49374 elementor-widget__width-initial elementor-absolute elementor-widget elementor-widget-spacer\" data-id=\"9d49374\" data-element_type=\"widget\" data-e-type=\"widget\" data-settings=\"{&quot;_position&quot;:&quot;absolute&quot;}\" data-widget_type=\"spacer.default\">\n\t\t\t\t\t\t\t<div class=\"elementor-spacer\">\n\t\t\t<div class=\"elementor-spacer-inner\"><\/div>\n\t\t<\/div>\n\t\t\t\t\t\t<\/div>\n\t\t\t\t<\/div>\n\t\t<div class=\"elementor-element elementor-element-4370754 e-con-full e-flex e-con e-child\" data-id=\"4370754\" data-element_type=\"container\" data-e-type=\"container\" data-settings=\"{&quot;animation&quot;:&quot;none&quot;,&quot;background_background&quot;:&quot;classic&quot;}\">\n\t\t\t\t<div class=\"elementor-element elementor-element-d3a0e8b elementor-position-top elementor-widget elementor-widget-image-box\" data-id=\"d3a0e8b\" data-element_type=\"widget\" data-e-type=\"widget\" data-widget_type=\"image-box.default\">\n\t\t\t\t\t<div class=\"elementor-image-box-wrapper\"><figure class=\"elementor-image-box-img\"><img decoding=\"async\" width=\"683\" height=\"455\" src=\"https:\/\/transflowers.com\/wp-content\/uploads\/2026\/03\/Express-gyujtofuvarozas-683x512-1.webp\" class=\"attachment-full size-full wp-image-343\" alt=\"Express gy\u0171jt\u0151fuvaroz\u00e1s\" srcset=\"https:\/\/transflowers.com\/wp-content\/uploads\/2026\/03\/Express-gyujtofuvarozas-683x512-1.webp 683w, https:\/\/transflowers.com\/wp-content\/uploads\/2026\/03\/Express-gyujtofuvarozas-683x512-1-300x200.webp 300w\" sizes=\"(max-width: 683px) 100vw, 683px\" \/><\/figure><div class=\"elementor-image-box-content\"><h2 class=\"elementor-image-box-title\">Express gy\u0171jt\u0151fuvaroz\u00e1s<\/h2><p class=\"elementor-image-box-description\">Teljesk\u00f6r\u0171 fuvaroz\u00e1s, r\u00f6vid hat\u00e1rid\u0151vel<\/p><\/div><\/div>\t\t\t\t<\/div>\n\t\t\t\t<div class=\"elementor-element elementor-element-b5d04ac elementor-view-framed elementor-shape-rounded elementor-absolute elementor-widget elementor-widget-icon\" data-id=\"b5d04ac\" data-element_type=\"widget\" data-e-type=\"widget\" data-settings=\"{&quot;_position&quot;:&quot;absolute&quot;}\" data-widget_type=\"icon.default\">\n\t\t\t\t\t\t\t<div class=\"elementor-icon-wrapper\">\n\t\t\t<div class=\"elementor-icon\">\n\t\t\t<i aria-hidden=\"true\" class=\"icon icon-clock-1\"><\/i>\t\t\t<\/div>\n\t\t<\/div>\n\t\t\t\t\t\t<\/div>\n\t\t\t\t<div class=\"elementor-element elementor-element-049d5c4 elementor-widget__width-initial elementor-absolute elementor-widget elementor-widget-spacer\" data-id=\"049d5c4\" data-element_type=\"widget\" data-e-type=\"widget\" data-settings=\"{&quot;_position&quot;:&quot;absolute&quot;}\" data-widget_type=\"spacer.default\">\n\t\t\t\t\t\t\t<div class=\"elementor-spacer\">\n\t\t\t<div class=\"elementor-spacer-inner\"><\/div>\n\t\t<\/div>\n\t\t\t\t\t\t<\/div>\n\t\t\t\t<div class=\"elementor-element elementor-element-8df8a99 elementor-widget__width-initial elementor-absolute elementor-widget elementor-widget-spacer\" data-id=\"8df8a99\" data-element_type=\"widget\" data-e-type=\"widget\" data-settings=\"{&quot;_position&quot;:&quot;absolute&quot;}\" data-widget_type=\"spacer.default\">\n\t\t\t\t\t\t\t<div class=\"elementor-spacer\">\n\t\t\t<div class=\"elementor-spacer-inner\"><\/div>\n\t\t<\/div>\n\t\t\t\t\t\t<\/div>\n\t\t\t\t<\/div>\n\t\t\t\t<\/div>\n\t\t<div class=\"elementor-element elementor-element-a73941b e-con-full e-flex e-con e-child\" data-id=\"a73941b\" data-element_type=\"container\" data-e-type=\"container\" data-settings=\"{&quot;animation&quot;:&quot;none&quot;}\">\n\t\t<div class=\"elementor-element elementor-element-32ddd45 e-con-full e-flex e-con e-child\" data-id=\"32ddd45\" data-element_type=\"container\" data-e-type=\"container\" data-settings=\"{&quot;animation&quot;:&quot;none&quot;,&quot;background_background&quot;:&quot;classic&quot;}\">\n\t\t\t\t<div class=\"elementor-element elementor-element-893cdc4 elementor-position-top elementor-widget elementor-widget-image-box\" data-id=\"893cdc4\" data-element_type=\"widget\" data-e-type=\"widget\" data-widget_type=\"image-box.default\">\n\t\t\t\t\t<div class=\"elementor-image-box-wrapper\"><figure class=\"elementor-image-box-img\"><img loading=\"lazy\" decoding=\"async\" width=\"768\" height=\"512\" src=\"https:\/\/transflowers.com\/wp-content\/uploads\/2026\/03\/Teljes-koru-logisztika-DAF.webp\" class=\"attachment-full size-full wp-image-1045\" alt=\"Teljes k\u00f6r\u0171 logisztika DAF\" srcset=\"https:\/\/transflowers.com\/wp-content\/uploads\/2026\/03\/Teljes-koru-logisztika-DAF.webp 768w, https:\/\/transflowers.com\/wp-content\/uploads\/2026\/03\/Teljes-koru-logisztika-DAF-300x200.webp 300w\" sizes=\"(max-width: 768px) 100vw, 768px\" \/><\/figure><div class=\"elementor-image-box-content\"><h3 class=\"elementor-image-box-title\">Teljes k\u00f6r\u0171 logisztika<\/h3><p class=\"elementor-image-box-description\">Cross-dock szolg\u00e1ltat\u00e1s r\u00f6vid idej\u0171 h\u0171t\u00f6tt \u00e1tmeneti t\u00e1rol\u00e1ssal<\/p><\/div><\/div>\t\t\t\t<\/div>\n\t\t\t\t<div class=\"elementor-element elementor-element-a4b5eb4 elementor-view-framed elementor-shape-rounded elementor-absolute elementor-widget elementor-widget-icon\" data-id=\"a4b5eb4\" data-element_type=\"widget\" data-e-type=\"widget\" data-settings=\"{&quot;_position&quot;:&quot;absolute&quot;}\" data-widget_type=\"icon.default\">\n\t\t\t\t\t\t\t<div class=\"elementor-icon-wrapper\">\n\t\t\t<div class=\"elementor-icon\">\n\t\t\t<i aria-hidden=\"true\" class=\"icon icon-dropbox-2\"><\/i>\t\t\t<\/div>\n\t\t<\/div>\n\t\t\t\t\t\t<\/div>\n\t\t\t\t<div class=\"elementor-element elementor-element-6134fa6 elementor-widget__width-initial elementor-absolute elementor-widget elementor-widget-spacer\" data-id=\"6134fa6\" data-element_type=\"widget\" data-e-type=\"widget\" data-settings=\"{&quot;_position&quot;:&quot;absolute&quot;}\" data-widget_type=\"spacer.default\">\n\t\t\t\t\t\t\t<div class=\"elementor-spacer\">\n\t\t\t<div class=\"elementor-spacer-inner\"><\/div>\n\t\t<\/div>\n\t\t\t\t\t\t<\/div>\n\t\t\t\t<div class=\"elementor-element elementor-element-1f4652b elementor-widget__width-initial elementor-absolute elementor-widget elementor-widget-spacer\" data-id=\"1f4652b\" data-element_type=\"widget\" data-e-type=\"widget\" data-settings=\"{&quot;_position&quot;:&quot;absolute&quot;}\" data-widget_type=\"spacer.default\">\n\t\t\t\t\t\t\t<div class=\"elementor-spacer\">\n\t\t\t<div class=\"elementor-spacer-inner\"><\/div>\n\t\t<\/div>\n\t\t\t\t\t\t<\/div>\n\t\t\t\t<\/div>\n\t\t<div class=\"elementor-element elementor-element-27009b2 e-con-full e-flex e-con e-child\" data-id=\"27009b2\" data-element_type=\"container\" data-e-type=\"container\" data-settings=\"{&quot;animation&quot;:&quot;none&quot;,&quot;background_background&quot;:&quot;classic&quot;}\">\n\t\t\t\t<div class=\"elementor-element elementor-element-30f5c8d elementor-view-framed elementor-shape-rounded elementor-absolute elementor-widget elementor-widget-icon\" data-id=\"30f5c8d\" data-element_type=\"widget\" data-e-type=\"widget\" data-settings=\"{&quot;_position&quot;:&quot;absolute&quot;}\" data-widget_type=\"icon.default\">\n\t\t\t\t\t\t\t<div class=\"elementor-icon-wrapper\">\n\t\t\t<div class=\"elementor-icon\">\n\t\t\t<svg aria-hidden=\"true\" class=\"e-font-icon-svg e-fas-truck-loading\" viewbox=\"0 0 640 512\" xmlns=\"http:\/\/www.w3.org\/2000\/svg\"><path d=\"M50.2 375.6c2.3 8.5 11.1 13.6 19.6 11.3l216.4-58c8.5-2.3 13.6-11.1 11.3-19.6l-49.7-185.5c-2.3-8.5-11.1-13.6-19.6-11.3L151 133.3l24.8 92.7-61.8 16.5-24.8-92.7-77.3 20.7C3.4 172.8-1.7 181.6.6 190.1l49.6 185.5zM384 0c-17.7 0-32 14.3-32 32v323.6L5.9 450c-4.3 1.2-6.8 5.6-5.6 9.8l12.6 46.3c1.2 4.3 5.6 6.8 9.8 5.6l393.7-107.4C418.8 464.1 467.6 512 528 512c61.9 0 112-50.1 112-112V0H384zm144 448c-26.5 0-48-21.5-48-48s21.5-48 48-48 48 21.5 48 48-21.5 48-48 48z\"><\/path><\/svg>\t\t\t<\/div>\n\t\t<\/div>\n\t\t\t\t\t\t<\/div>\n\t\t\t\t<div class=\"elementor-element elementor-element-7fbfa31 elementor-position-top elementor-widget elementor-widget-image-box\" data-id=\"7fbfa31\" data-element_type=\"widget\" data-e-type=\"widget\" data-widget_type=\"image-box.default\">\n\t\t\t\t\t<div class=\"elementor-image-box-wrapper\"><figure class=\"elementor-image-box-img\"><img loading=\"lazy\" decoding=\"async\" width=\"768\" height=\"512\" src=\"https:\/\/transflowers.com\/wp-content\/uploads\/2026\/03\/Raktarozas-es-logisztikai-megoldasok-DAF.webp\" class=\"attachment-full size-full wp-image-1038\" alt=\"Rakt\u00e1roz\u00e1s \u00e9s logisztikai megold\u00e1sok DAF\" srcset=\"https:\/\/transflowers.com\/wp-content\/uploads\/2026\/03\/Raktarozas-es-logisztikai-megoldasok-DAF.webp 768w, https:\/\/transflowers.com\/wp-content\/uploads\/2026\/03\/Raktarozas-es-logisztikai-megoldasok-DAF-300x200.webp 300w\" sizes=\"(max-width: 768px) 100vw, 768px\" \/><\/figure><div class=\"elementor-image-box-content\"><h3 class=\"elementor-image-box-title\">Rakt\u00e1roz\u00e1s \u00e9s logisztikai megold\u00e1sok<\/h3><p class=\"elementor-image-box-description\">Belf\u00f6ldi kisz\u00e1ll\u00edt\u00e1s<\/p><\/div><\/div>\t\t\t\t<\/div>\n\t\t\t\t<div class=\"elementor-element elementor-element-8a0ca58 elementor-widget__width-initial elementor-absolute elementor-widget elementor-widget-spacer\" data-id=\"8a0ca58\" data-element_type=\"widget\" data-e-type=\"widget\" data-settings=\"{&quot;_position&quot;:&quot;absolute&quot;}\" data-widget_type=\"spacer.default\">\n\t\t\t\t\t\t\t<div class=\"elementor-spacer\">\n\t\t\t<div class=\"elementor-spacer-inner\"><\/div>\n\t\t<\/div>\n\t\t\t\t\t\t<\/div>\n\t\t\t\t<div class=\"elementor-element elementor-element-1caf41a elementor-widget__width-initial elementor-absolute elementor-widget elementor-widget-spacer\" data-id=\"1caf41a\" data-element_type=\"widget\" data-e-type=\"widget\" data-settings=\"{&quot;_position&quot;:&quot;absolute&quot;}\" data-widget_type=\"spacer.default\">\n\t\t\t\t\t\t\t<div class=\"elementor-spacer\">\n\t\t\t<div class=\"elementor-spacer-inner\"><\/div>\n\t\t<\/div>\n\t\t\t\t\t\t<\/div>\n\t\t\t\t<\/div>\n\t\t<div class=\"elementor-element elementor-element-a57f7c4 e-con-full e-flex e-con e-child\" data-id=\"a57f7c4\" data-element_type=\"container\" data-e-type=\"container\" data-settings=\"{&quot;animation&quot;:&quot;none&quot;,&quot;background_background&quot;:&quot;classic&quot;}\">\n\t\t\t\t<div class=\"elementor-element elementor-element-6fb7d84 elementor-view-framed elementor-shape-rounded elementor-absolute elementor-widget elementor-widget-icon\" data-id=\"6fb7d84\" data-element_type=\"widget\" data-e-type=\"widget\" data-settings=\"{&quot;_position&quot;:&quot;absolute&quot;}\" data-widget_type=\"icon.default\">\n\t\t\t\t\t\t\t<div class=\"elementor-icon-wrapper\">\n\t\t\t<div class=\"elementor-icon\">\n\t\t\t<i aria-hidden=\"true\" class=\"icon icon-truck-2\"><\/i>\t\t\t<\/div>\n\t\t<\/div>\n\t\t\t\t\t\t<\/div>\n\t\t\t\t<div class=\"elementor-element elementor-element-98d5b82 elementor-position-top elementor-widget elementor-widget-image-box\" data-id=\"98d5b82\" data-element_type=\"widget\" data-e-type=\"widget\" data-widget_type=\"image-box.default\">\n\t\t\t\t\t<div class=\"elementor-image-box-wrapper\"><figure class=\"elementor-image-box-img\"><img loading=\"lazy\" decoding=\"async\" width=\"768\" height=\"512\" src=\"https:\/\/transflowers.com\/wp-content\/uploads\/2026\/03\/Belfoldi-kiszallitas-DAF.webp\" class=\"attachment-full size-full wp-image-1036\" alt=\"Belf\u00f6ldi kisz\u00e1ll\u00edt\u00e1s-DAF\" srcset=\"https:\/\/transflowers.com\/wp-content\/uploads\/2026\/03\/Belfoldi-kiszallitas-DAF.webp 768w, https:\/\/transflowers.com\/wp-content\/uploads\/2026\/03\/Belfoldi-kiszallitas-DAF-300x200.webp 300w\" sizes=\"(max-width: 768px) 100vw, 768px\" \/><\/figure><div class=\"elementor-image-box-content\"><h3 class=\"elementor-image-box-title\">Belf\u00f6ldi kisz\u00e1ll\u00edt\u00e1s<\/h3><p class=\"elementor-image-box-description\">3,5 t\u201340 t-ig<\/p><\/div><\/div>\t\t\t\t<\/div>\n\t\t\t\t<div class=\"elementor-element elementor-element-996fa0d elementor-widget__width-initial elementor-absolute elementor-widget elementor-widget-spacer\" data-id=\"996fa0d\" data-element_type=\"widget\" data-e-type=\"widget\" data-settings=\"{&quot;_position&quot;:&quot;absolute&quot;}\" data-widget_type=\"spacer.default\">\n\t\t\t\t\t\t\t<div class=\"elementor-spacer\">\n\t\t\t<div class=\"elementor-spacer-inner\"><\/div>\n\t\t<\/div>\n\t\t\t\t\t\t<\/div>\n\t\t\t\t<div class=\"elementor-element elementor-element-4a4c048 elementor-widget__width-initial elementor-absolute elementor-widget elementor-widget-spacer\" data-id=\"4a4c048\" data-element_type=\"widget\" data-e-type=\"widget\" data-settings=\"{&quot;_position&quot;:&quot;absolute&quot;}\" data-widget_type=\"spacer.default\">\n\t\t\t\t\t\t\t<div class=\"elementor-spacer\">\n\t\t\t<div class=\"elementor-spacer-inner\"><\/div>\n\t\t<\/div>\n\t\t\t\t\t\t<\/div>\n\t\t\t\t<\/div>\n\t\t\t\t<\/div>\n\t\t\t\t\t<\/div>\n\t\t\t\t<\/div>\n\t\t<div class=\"elementor-element elementor-element-de81c3f e-grid e-con-boxed e-con e-parent\" data-id=\"de81c3f\" data-element_type=\"container\" data-e-type=\"container\">\n\t\t\t\t\t<div class=\"e-con-inner\">\n\t\t\t\t\t<\/div>\n\t\t\t\t<\/div>\n\t\t<div class=\"elementor-element elementor-element-a1efaad e-flex e-con-boxed e-con e-parent\" data-id=\"a1efaad\" data-element_type=\"container\" data-e-type=\"container\">\n\t\t\t\t\t<div class=\"e-con-inner\">\n\t\t\t\t\t<\/div>\n\t\t\t\t<\/div>\n\t\t\t\t<\/div>","protected":false},"excerpt":{"rendered":"<p>Szolg\u00e1ltat\u00e1sok Nemzetk\u00f6zi vir\u00e1gfuvaroz\u00e1s Hollandia\u2013Magyarorsz\u00e1g k\u00f6z\u00f6tt. Temper\u00e1lt \u00e1rufuvaroz\u00e1s \u201320\u202f\u00b0C \u00e9s +25\u202f\u00b0C k\u00f6z\u00f6tti h\u0151m\u00e9rs\u00e9kleten, friss term\u00e9kek, \u00e9lelmiszerek \u00e9s gy\u00f3gyszerek sz\u00e1ll\u00edt\u00e1sa Express gy\u0171jt\u0151fuvaroz\u00e1s Teljesk\u00f6r\u0171 fuvaroz\u00e1s, r\u00f6vid hat\u00e1rid\u0151vel Teljes k\u00f6r\u0171 logisztika Cross-dock szolg\u00e1ltat\u00e1s r\u00f6vid idej\u0171 h\u0171t\u00f6tt \u00e1tmeneti t\u00e1rol\u00e1ssal Rakt\u00e1roz\u00e1s \u00e9s logisztikai megold\u00e1sok Belf\u00f6ldi kisz\u00e1ll\u00edt\u00e1s Belf\u00f6ldi kisz\u00e1ll\u00edt\u00e1s 3,5 t\u201340 t-ig<\/p>","protected":false},"author":1,"featured_media":0,"parent":0,"menu_order":0,"comment_status":"closed","ping_status":"closed","template":"elementor_header_footer","meta":{"_seopress_robots_primary_cat":"","_seopress_titles_title":"Szolg\u00e1ltat\u00e1sok | Fuvaroz\u00e1s, rakt\u00e1roz\u00e1s, logisztika","_seopress_titles_desc":"Nemzetk\u00f6zi vir\u00e1gfuvaroz\u00e1s, temper\u00e1lt \u00e1rusz\u00e1ll\u00edt\u00e1s, expressz gy\u0171jt\u0151fuvaroz\u00e1s, rakt\u00e1roz\u00e1s \u00e9s teljes k\u00f6r\u0171 logisztikai szolg\u00e1ltat\u00e1sok.","_seopress_robots_index":"","footnotes":""},"class_list":["post-143","page","type-page","status-publish","hentry"],"_links":{"self":[{"href":"https:\/\/transflowers.com\/en\/wp-json\/wp\/v2\/pages\/143","targetHints":{"allow":["GET"]}}],"collection":[{"href":"https:\/\/transflowers.com\/en\/wp-json\/wp\/v2\/pages"}],"about":[{"href":"https:\/\/transflowers.com\/en\/wp-json\/wp\/v2\/types\/page"}],"author":[{"embeddable":true,"href":"https:\/\/transflowers.com\/en\/wp-json\/wp\/v2\/users\/1"}],"replies":[{"embeddable":true,"href":"https:\/\/transflowers.com\/en\/wp-json\/wp\/v2\/comments?post=143"}],"version-history":[{"count":0,"href":"https:\/\/transflowers.com\/en\/wp-json\/wp\/v2\/pages\/143\/revisions"}],"wp:attachment":[{"href":"https:\/\/transflowers.com\/en\/wp-json\/wp\/v2\/media?parent=143"}],"curies":[{"name":"wp","href":"https:\/\/api.w.org\/{rel}","templated":true}]}}