{"id":137,"date":"2026-03-22T13:20:50","date_gmt":"2026-03-22T12:20:50","guid":{"rendered":"https:\/\/transflowers.com\/?page_id=137"},"modified":"2026-04-11T11:57:50","modified_gmt":"2026-04-11T09:57:50","slug":"rolunk","status":"publish","type":"page","link":"https:\/\/transflowers.com\/en\/rolunk\/","title":{"rendered":"About us"},"content":{"rendered":"<div data-elementor-type=\"wp-page\" data-elementor-id=\"137\" class=\"elementor elementor-137\" data-elementor-post-type=\"page\">\n\t\t\t\t<div class=\"elementor-element elementor-element-6cfbc168 e-flex e-con-boxed e-con e-parent\" data-id=\"6cfbc168\" data-element_type=\"container\" data-e-type=\"container\" data-settings=\"{&quot;background_background&quot;:&quot;classic&quot;}\">\n\t\t\t\t\t<div class=\"e-con-inner\">\n\t\t\t\t<div class=\"elementor-element elementor-element-30a6d77d elementor-widget elementor-widget-heading\" data-id=\"30a6d77d\" data-element_type=\"widget\" data-e-type=\"widget\" data-widget_type=\"heading.default\">\n\t\t\t\t\t<h1 class=\"elementor-heading-title elementor-size-default\">About us<\/h1>\t\t\t\t<\/div>\n\t\t\t\t\t<\/div>\n\t\t\t\t<\/div>\n\t\t<div class=\"elementor-element elementor-element-2ce16670 e-flex e-con-boxed e-con e-parent\" data-id=\"2ce16670\" data-element_type=\"container\" data-e-type=\"container\">\n\t\t\t\t\t<div class=\"e-con-inner\">\n\t\t<div class=\"elementor-element elementor-element-5f1b5fba e-con-full e-flex e-con e-child\" data-id=\"5f1b5fba\" data-element_type=\"container\" data-e-type=\"container\">\n\t\t<div class=\"elementor-element elementor-element-4185e077 e-con-full e-flex e-con e-child\" data-id=\"4185e077\" data-element_type=\"container\" data-e-type=\"container\" data-settings=\"{&quot;background_background&quot;:&quot;classic&quot;}\">\n\t\t\t\t<div class=\"elementor-element elementor-element-e50cb0d elementor-widget elementor-widget-image\" data-id=\"e50cb0d\" data-element_type=\"widget\" data-e-type=\"widget\" data-widget_type=\"image.default\">\n\t\t\t\t\t\t\t\t\t\t\t\t\t\t\t<img fetchpriority=\"high\" decoding=\"async\" width=\"800\" height=\"450\" src=\"https:\/\/transflowers.com\/wp-content\/uploads\/2026\/03\/240cb58e-6150-4952-824e-a2c16b77c099-1024x576.jpg\" class=\"attachment-large size-large wp-image-210\" alt=\"TFL Rakt\u00e1r\" srcset=\"https:\/\/transflowers.com\/wp-content\/uploads\/2026\/03\/240cb58e-6150-4952-824e-a2c16b77c099-1024x576.jpg 1024w, https:\/\/transflowers.com\/wp-content\/uploads\/2026\/03\/240cb58e-6150-4952-824e-a2c16b77c099-300x169.jpg 300w, https:\/\/transflowers.com\/wp-content\/uploads\/2026\/03\/240cb58e-6150-4952-824e-a2c16b77c099-768x432.jpg 768w, https:\/\/transflowers.com\/wp-content\/uploads\/2026\/03\/240cb58e-6150-4952-824e-a2c16b77c099-1536x864.jpg 1536w, https:\/\/transflowers.com\/wp-content\/uploads\/2026\/03\/240cb58e-6150-4952-824e-a2c16b77c099.jpg 2048w\" sizes=\"(max-width: 800px) 100vw, 800px\" \/>\t\t\t\t\t\t\t\t\t\t\t\t\t\t\t<\/div>\n\t\t\t\t<\/div>\n\t\t\t\t<\/div>\n\t\t<div class=\"elementor-element elementor-element-5b36ab7c e-con-full e-flex e-con e-child\" data-id=\"5b36ab7c\" data-element_type=\"container\" data-e-type=\"container\">\n\t\t\t\t<div class=\"elementor-element elementor-element-d752294 elementor-icon-list--layout-traditional elementor-list-item-link-full_width elementor-widget elementor-widget-icon-list\" data-id=\"d752294\" data-element_type=\"widget\" data-e-type=\"widget\" data-widget_type=\"icon-list.default\">\n\t\t\t\t\t\t\t<ul class=\"elementor-icon-list-items\">\n\t\t\t\t\t\t\t<li class=\"elementor-icon-list-item\">\n\t\t\t\t\t\t\t\t\t\t\t<span class=\"elementor-icon-list-icon\">\n\t\t\t\t\t\t\t<i aria-hidden=\"true\" class=\"icon icon-truck1\"><\/i>\t\t\t\t\t\t<\/span>\n\t\t\t\t\t\t\t\t\t\t<span class=\"elementor-icon-list-text\">About us<\/span>\n\t\t\t\t\t\t\t\t\t<\/li>\n\t\t\t\t\t\t<\/ul>\n\t\t\t\t\t\t<\/div>\n\t\t\t\t<div class=\"elementor-element elementor-element-4d58d7cf elementor-widget elementor-widget-heading\" data-id=\"4d58d7cf\" data-element_type=\"widget\" data-e-type=\"widget\" data-widget_type=\"heading.default\">\n\t\t\t\t\t<h2 class=\"elementor-heading-title elementor-size-default\">A Transflowers a vil\u00e1g egyik vezet\u0151 ell\u00e1t\u00e1sil\u00e1nc-megold\u00e1sokat k\u00edn\u00e1l\u00f3 v\u00e1llalata.<\/h2>\t\t\t\t<\/div>\n\t\t\t\t<div class=\"elementor-element elementor-element-672b4f3e elementor-widget elementor-widget-text-editor\" data-id=\"672b4f3e\" data-element_type=\"widget\" data-e-type=\"widget\" data-widget_type=\"text-editor.default\">\n\t\t\t\t\t\t\t\t\t<p>A Transflowers (Spedemex Kft) 2000-ben alakult csal\u00e1di v\u00e1llalkoz\u00e1sk\u00e9nt, \u00e9s az\u00f3ta t\u00f6bb mint 25 \u00e9ve m\u0171k\u00f6dik folyamatosan a nemzetk\u00f6zi fuvaroz\u00e1s ter\u00fclet\u00e9n. A c\u00e9g alap\u00edt\u00f3i m\u00e1r a v\u00e1llalkoz\u00e1s indul\u00e1sa el\u0151tt is hossz\u00fa \u00e9veken \u00e1t a vir\u00e1gnagykereskedelemmel foglalkoztak, \u00edgy nemcsak a sz\u00e1ll\u00edtm\u00e1nyoz\u00e1s szakmai oldal\u00e1t, hanem az \u00e1ru saj\u00e1toss\u00e1gait, kezel\u00e9si ig\u00e9nyeit \u00e9s piaci m\u0171k\u00f6d\u00e9s\u00e9t is alaposan ismerik.<br \/>Ez a kett\u0151s tapasztalat, a vir\u00e1gkereskedelem \u00e9s a nemzetk\u00f6zi fuvaroz\u00e1s \u00f6sszekapcsol\u00e1sa, teszi lehet\u0151v\u00e9, hogy az \u00fcgyfelei sz\u00e1m\u00e1ra val\u00f3di, az \u00e1gazat ig\u00e9nyeire szabott megold\u00e1sokat k\u00edn\u00e1ljon. K\u00fcl\u00f6n\u00f6s figyelmet ford\u00edt a pontos hat\u00e1rid\u0151kre, a stabil h\u0151m\u00e9rs\u00e9klet biztos\u00edt\u00e1s\u00e1ra \u00e9s az \u00e1rubiztons\u00e1gra, amelyet CMR biztos\u00edt\u00e1s \u00e9s folyamatosan korszer\u0171s\u00edtett j\u00e1rm\u0171park is t\u00e1mogat. F\u0151 tev\u00e9kenys\u00e9ge a magyar vir\u00e1gnagykeresked\u00e9sek \u00e9s a Royal Flora Holland k\u00f6z\u00f6tti rendszeres sz\u00e1ll\u00edt\u00e1s, amelyet modern, temper\u00e1lt j\u00e1rm\u0171vekkel v\u00e9gez Magyarorsz\u00e1g \u00e9s Hollandia k\u00f6z\u00f6tt. Emellett v\u00e1llal minden olyan temper\u00e1lt fuvaroz\u00e1si feladatot is, ahol az \u00e1ru \u00e9rz\u00e9kenys\u00e9ge \u00e9s min\u0151s\u00e9g\u00e9nek meg\u0151rz\u00e9se els\u0151dleges szempont. C\u00e9lja a hossz\u00fa t\u00e1v\u00fa \u00fczleti kapcsolatok fenntart\u00e1sa, a folyamatos fejl\u0151d\u00e9s \u00e9s a megb\u00edzhat\u00f3, kisz\u00e1m\u00edthat\u00f3 m\u0171k\u00f6d\u00e9s biztos\u00edt\u00e1sa partnerei sz\u00e1m\u00e1ra.<\/p>\t\t\t\t\t\t\t\t<\/div>\n\t\t\t\t<\/div>\n\t\t\t\t\t<\/div>\n\t\t\t\t<\/div>\n\t\t<div class=\"elementor-element elementor-element-1a1833bb e-flex e-con-boxed e-con e-parent\" data-id=\"1a1833bb\" data-element_type=\"container\" data-e-type=\"container\" data-settings=\"{&quot;background_background&quot;:&quot;classic&quot;}\">\n\t\t\t\t\t<div class=\"e-con-inner\">\n\t\t<div class=\"elementor-element elementor-element-2867141 e-con-full e-flex e-con e-child\" data-id=\"2867141\" data-element_type=\"container\" data-e-type=\"container\">\n\t\t<div class=\"elementor-element elementor-element-52de1a4a e-con-full e-flex e-con e-child\" data-id=\"52de1a4a\" data-element_type=\"container\" data-e-type=\"container\">\n\t\t\t\t<div class=\"elementor-element elementor-element-675c343b elementor-widget elementor-widget-heading\" data-id=\"675c343b\" data-element_type=\"widget\" data-e-type=\"widget\" data-widget_type=\"heading.default\">\n\t\t\t\t\t<h2 class=\"elementor-heading-title elementor-size-default\">Mi\u00e9rt minket v\u00e1lasszon?<\/h2>\t\t\t\t<\/div>\n\t\t\t\t<\/div>\n\t\t<div class=\"elementor-element elementor-element-330042aa e-con-full e-flex e-con e-child\" data-id=\"330042aa\" data-element_type=\"container\" data-e-type=\"container\">\n\t\t\t\t<\/div>\n\t\t\t\t<\/div>\n\t\t<div class=\"elementor-element elementor-element-544df4f7 e-con-full e-flex e-con e-child\" data-id=\"544df4f7\" data-element_type=\"container\" data-e-type=\"container\">\n\t\t<div class=\"elementor-element elementor-element-3079c973 e-con-full e-flex e-con e-child\" data-id=\"3079c973\" data-element_type=\"container\" data-e-type=\"container\" data-settings=\"{&quot;background_background&quot;:&quot;classic&quot;}\">\n\t\t\t\t<div class=\"elementor-element elementor-element-5500b92a elementor-widget elementor-widget-heading\" data-id=\"5500b92a\" data-element_type=\"widget\" data-e-type=\"widget\" data-widget_type=\"heading.default\">\n\t\t\t\t\t<h2 class=\"elementor-heading-title elementor-size-default\">Min\u0151s\u00e9g \u00e9s megb\u00edzhat\u00f3s\u00e1g<\/h2>\t\t\t\t<\/div>\n\t\t\t\t<div class=\"elementor-element elementor-element-c112656 elementor-widget elementor-widget-spacer\" data-id=\"c112656\" data-element_type=\"widget\" data-e-type=\"widget\" data-widget_type=\"spacer.default\">\n\t\t\t\t\t\t\t<div class=\"elementor-spacer\">\n\t\t\t<div class=\"elementor-spacer-inner\"><\/div>\n\t\t<\/div>\n\t\t\t\t\t\t<\/div>\n\t\t\t\t<div class=\"elementor-element elementor-element-1c1d940c elementor-widget elementor-widget-text-editor\" data-id=\"1c1d940c\" data-element_type=\"widget\" data-e-type=\"widget\" data-widget_type=\"text-editor.default\">\n\t\t\t\t\t\t\t\t\t<p>J\u00e1rm\u0171flott\u00e1nk modern, GPS-k\u00f6vet\u00e9ssel \u00e9s h\u0151m\u00e9rs\u00e9klet-napl\u00f3z\u00e1ssal felszerelt. Partnereink \u00edgy mindig nyomon k\u00f6vethetik term\u00e9keik \u00fatj\u00e1t, \u00e9s biztosak lehetnek abban, hogy \u00e1rujuk a megfelel\u0151 h\u0151m\u00e9rs\u00e9kleten, frissen \u00e9rkezik meg.<\/p>\t\t\t\t\t\t\t\t<\/div>\n\t\t\t\t<\/div>\n\t\t<div class=\"elementor-element elementor-element-651b6ac e-con-full e-flex e-con e-child\" data-id=\"651b6ac\" data-element_type=\"container\" data-e-type=\"container\" data-settings=\"{&quot;background_background&quot;:&quot;classic&quot;}\">\n\t\t\t\t<div class=\"elementor-element elementor-element-676d66d elementor-widget elementor-widget-heading\" data-id=\"676d66d\" data-element_type=\"widget\" data-e-type=\"widget\" data-widget_type=\"heading.default\">\n\t\t\t\t\t<h2 class=\"elementor-heading-title elementor-size-default\">Strat\u00e9giai telephelyek\n<\/h2>\t\t\t\t<\/div>\n\t\t\t\t<div class=\"elementor-element elementor-element-865faf1 elementor-widget elementor-widget-spacer\" data-id=\"865faf1\" data-element_type=\"widget\" data-e-type=\"widget\" data-widget_type=\"spacer.default\">\n\t\t\t\t\t\t\t<div class=\"elementor-spacer\">\n\t\t\t<div class=\"elementor-spacer-inner\"><\/div>\n\t\t<\/div>\n\t\t\t\t\t\t<\/div>\n\t\t\t\t<div class=\"elementor-element elementor-element-7509156 elementor-widget elementor-widget-text-editor\" data-id=\"7509156\" data-element_type=\"widget\" data-e-type=\"widget\" data-widget_type=\"text-editor.default\">\n\t\t\t\t\t\t\t\t\t<p>Debrecenben, Budapesten \u00e9s Amszterdamban tal\u00e1lhat\u00f3 k\u00f6zpontjaink rugalmas \u00e9s sz\u00e9lesk\u00f6r\u0171 szolg\u00e1ltat\u00e1st tesznek lehet\u0151v\u00e9.<\/p>\t\t\t\t\t\t\t\t<\/div>\n\t\t\t\t<\/div>\n\t\t<div class=\"elementor-element elementor-element-44a854c e-con-full e-flex e-con e-child\" data-id=\"44a854c\" data-element_type=\"container\" data-e-type=\"container\" data-settings=\"{&quot;background_background&quot;:&quot;classic&quot;}\">\n\t\t\t\t<div class=\"elementor-element elementor-element-3528877 elementor-widget elementor-widget-heading\" data-id=\"3528877\" data-element_type=\"widget\" data-e-type=\"widget\" data-widget_type=\"heading.default\">\n\t\t\t\t\t<h2 class=\"elementor-heading-title elementor-size-default\">Szolg\u00e1ltat\u00e1saink\n<\/h2>\t\t\t\t<\/div>\n\t\t\t\t<div class=\"elementor-element elementor-element-7f27baf elementor-widget elementor-widget-spacer\" data-id=\"7f27baf\" data-element_type=\"widget\" data-e-type=\"widget\" data-widget_type=\"spacer.default\">\n\t\t\t\t\t\t\t<div class=\"elementor-spacer\">\n\t\t\t<div class=\"elementor-spacer-inner\"><\/div>\n\t\t<\/div>\n\t\t\t\t\t\t<\/div>\n\t\t\t\t<div class=\"elementor-element elementor-element-6ab6283 elementor-widget elementor-widget-text-editor\" data-id=\"6ab6283\" data-element_type=\"widget\" data-e-type=\"widget\" data-widget_type=\"text-editor.default\">\n\t\t\t\t\t\t\t\t\t<p>H\u0171t\u00f6tt \u00e9s temper\u00e1lt fuvaroz\u00e1s -20 \u00b0C \u00e9s +25 \u00b0C k\u00f6z\u00f6tt<\/p><p>Kis \u00e9s nagy mennyis\u00e9gek, komplett \u00e9s r\u00e9szrakom\u00e1nyok sz\u00e1ll\u00edt\u00e1sa<\/p><p>Express fuvaroz\u00e1s az \u00e9v minden napj\u00e1n, pontos hat\u00e1rid\u0151kkel<\/p>\t\t\t\t\t\t\t\t<\/div>\n\t\t\t\t<\/div>\n\t\t\t\t<\/div>\n\t\t\t\t\t<\/div>\n\t\t\t\t<\/div>\n\t\t<div class=\"elementor-element elementor-element-035bfda e-flex e-con-boxed e-con e-parent\" data-id=\"035bfda\" data-element_type=\"container\" data-e-type=\"container\">\n\t\t\t\t\t<div class=\"e-con-inner\">\n\t\t<div class=\"elementor-element elementor-element-d517318 e-con-full e-flex e-con e-child\" data-id=\"d517318\" data-element_type=\"container\" data-e-type=\"container\">\n\t\t\t\t<div class=\"elementor-element elementor-element-bc7d445 elementor-widget elementor-widget-heading\" data-id=\"bc7d445\" data-element_type=\"widget\" data-e-type=\"widget\" data-widget_type=\"heading.default\">\n\t\t\t\t\t<h3 class=\"elementor-heading-title elementor-size-default\">J\u00e1rm\u0171flotta<\/h3>\t\t\t\t<\/div>\n\t\t\t\t<div class=\"elementor-element elementor-element-356572b elementor-widget elementor-widget-text-editor\" data-id=\"356572b\" data-element_type=\"widget\" data-e-type=\"widget\" data-widget_type=\"text-editor.default\">\n\t\t\t\t\t\t\t\t\t<p>A legkorszer\u0171bb k\u00f6rnyezetv\u00e9delmi szabv\u00e1nyoknak megfelel\u0151 g\u00e9pj\u00e1rm\u0171vek.<\/p><p>3,5 tonn\u00e1s furgont\u00f3l a 24 tonn\u00e1s nyerges szerelv\u00e9nyig sz\u00e9les v\u00e1laszt\u00e9k.<\/p><p>Minden j\u00e1rm\u0171 temper\u00e1lhat\u00f3, dobozos fel\u00e9p\u00edtm\u00e9nnyel \u00e9s emel\u0151h\u00e1tfallal felszerelt.<\/p><p>Maxim\u00e1lis term\u00e9kv\u00e9delem a sz\u00e1ll\u00edt\u00e1s teljes ideje alatt<\/p>\t\t\t\t\t\t\t\t<\/div>\n\t\t\t\t<\/div>\n\t\t<div class=\"elementor-element elementor-element-7f2322b e-con-full e-flex e-con e-child\" data-id=\"7f2322b\" data-element_type=\"container\" data-e-type=\"container\">\n\t\t\t\t<div class=\"elementor-element elementor-element-c5a2dfb elementor-widget elementor-widget-image\" data-id=\"c5a2dfb\" data-element_type=\"widget\" data-e-type=\"widget\" data-widget_type=\"image.default\">\n\t\t\t\t\t\t\t\t\t\t\t\t\t\t\t<img decoding=\"async\" width=\"800\" height=\"600\" src=\"https:\/\/transflowers.com\/wp-content\/uploads\/2026\/03\/bec40366-7f9d-4b15-bf26-26911d123d96-1536x1152-1-1024x768.jpg\" class=\"attachment-large size-large wp-image-211\" alt=\"TFL G\u00e9ppark\" srcset=\"https:\/\/transflowers.com\/wp-content\/uploads\/2026\/03\/bec40366-7f9d-4b15-bf26-26911d123d96-1536x1152-1-1024x768.jpg 1024w, https:\/\/transflowers.com\/wp-content\/uploads\/2026\/03\/bec40366-7f9d-4b15-bf26-26911d123d96-1536x1152-1-300x225.jpg 300w, https:\/\/transflowers.com\/wp-content\/uploads\/2026\/03\/bec40366-7f9d-4b15-bf26-26911d123d96-1536x1152-1-768x576.jpg 768w, https:\/\/transflowers.com\/wp-content\/uploads\/2026\/03\/bec40366-7f9d-4b15-bf26-26911d123d96-1536x1152-1.jpg 1536w\" sizes=\"(max-width: 800px) 100vw, 800px\" \/>\t\t\t\t\t\t\t\t\t\t\t\t\t\t\t<\/div>\n\t\t\t\t<\/div>\n\t\t\t\t\t<\/div>\n\t\t\t\t<\/div>\n\t\t<div class=\"elementor-element elementor-element-f5173a7 e-flex e-con-boxed e-con e-parent\" data-id=\"f5173a7\" data-element_type=\"container\" data-e-type=\"container\">\n\t\t\t\t\t<div class=\"e-con-inner\">\n\t\t<div class=\"elementor-element elementor-element-d72564c e-con-full e-flex e-con e-child\" data-id=\"d72564c\" data-element_type=\"container\" data-e-type=\"container\">\n\t\t\t\t<div class=\"elementor-element elementor-element-549144e elementor-widget elementor-widget-image\" data-id=\"549144e\" data-element_type=\"widget\" data-e-type=\"widget\" data-widget_type=\"image.default\">\n\t\t\t\t\t\t\t\t\t\t\t\t\t\t\t<img decoding=\"async\" width=\"800\" height=\"600\" src=\"https:\/\/transflowers.com\/wp-content\/uploads\/2026\/03\/IMG_6142-1024x768.jpg\" class=\"attachment-large size-large wp-image-212\" alt=\"TFL vontat\u00f3k\" srcset=\"https:\/\/transflowers.com\/wp-content\/uploads\/2026\/03\/IMG_6142-1024x768.jpg 1024w, https:\/\/transflowers.com\/wp-content\/uploads\/2026\/03\/IMG_6142-300x225.jpg 300w, https:\/\/transflowers.com\/wp-content\/uploads\/2026\/03\/IMG_6142-768x576.jpg 768w, https:\/\/transflowers.com\/wp-content\/uploads\/2026\/03\/IMG_6142.jpg 1200w\" sizes=\"(max-width: 800px) 100vw, 800px\" \/>\t\t\t\t\t\t\t\t\t\t\t\t\t\t\t<\/div>\n\t\t\t\t<\/div>\n\t\t<div class=\"elementor-element elementor-element-4a2284b e-con-full e-flex e-con e-child\" data-id=\"4a2284b\" data-element_type=\"container\" data-e-type=\"container\">\n\t\t\t\t<div class=\"elementor-element elementor-element-a7e99ca elementor-widget elementor-widget-heading\" data-id=\"a7e99ca\" data-element_type=\"widget\" data-e-type=\"widget\" data-widget_type=\"heading.default\">\n\t\t\t\t\t<h2 class=\"elementor-heading-title elementor-size-default\">A hitvall\u00e1sunk<\/h2>\t\t\t\t<\/div>\n\t\t\t\t<div class=\"elementor-element elementor-element-fe6d523 elementor-widget elementor-widget-text-editor\" data-id=\"fe6d523\" data-element_type=\"widget\" data-e-type=\"widget\" data-widget_type=\"text-editor.default\">\n\t\t\t\t\t\t\t\t\t<p>Hissz\u00fck, hogy a siker\u00fcnk kulcsa a t\u00f6bb \u00e9vtizedes tapasztalat, a korszer\u0171 technol\u00f3gia \u00e9s az \u00fcgyfeleink ir\u00e1nti elk\u00f6telezetts\u00e9g.<\/p><p>C\u00e9lunk, hogy megb\u00edzhat\u00f3 logisztikai partnerk\u00e9nt hossz\u00fa t\u00e1v\u00fa, bizalmon alapul\u00f3 kapcsolatot \u00e9p\u00edts\u00fcnk ki minden\u00a0\u00fcgyfel\u00fcnkkel.<\/p>\t\t\t\t\t\t\t\t<\/div>\n\t\t\t\t<\/div>\n\t\t\t\t\t<\/div>\n\t\t\t\t<\/div>\n\t\t\t\t<\/div>","protected":false},"excerpt":{"rendered":"<p>R\u00f3lunk R\u00f3lunk A Transflowers a vil\u00e1g egyik vezet\u0151 ell\u00e1t\u00e1sil\u00e1nc-megold\u00e1sokat k\u00edn\u00e1l\u00f3 v\u00e1llalata. A Transflowers (Spedemex Kft) 2000-ben alakult csal\u00e1di v\u00e1llalkoz\u00e1sk\u00e9nt, \u00e9s az\u00f3ta t\u00f6bb mint 25 \u00e9ve m\u0171k\u00f6dik folyamatosan a nemzetk\u00f6zi fuvaroz\u00e1s ter\u00fclet\u00e9n. A c\u00e9g alap\u00edt\u00f3i m\u00e1r a v\u00e1llalkoz\u00e1s indul\u00e1sa el\u0151tt is hossz\u00fa \u00e9veken \u00e1t a vir\u00e1gnagykereskedelemmel foglalkoztak, \u00edgy nemcsak a sz\u00e1ll\u00edtm\u00e1nyoz\u00e1s szakmai oldal\u00e1t, hanem az \u00e1ru [&hellip;]<\/p>\n","protected":false},"author":1,"featured_media":0,"parent":0,"menu_order":0,"comment_status":"closed","ping_status":"closed","template":"elementor_header_footer","meta":{"_seopress_robots_primary_cat":"","_seopress_titles_title":"R\u00f3lunk | Transflowers fuvaroz\u00e1s \u00e9s logisztika","_seopress_titles_desc":"Ismerd meg a Transflowers csapat\u00e1t \u00e9s tev\u00e9kenys\u00e9g\u00e9t: nemzetk\u00f6zi fuvaroz\u00e1s, rakt\u00e1roz\u00e1s, logisztika \u00e9s megb\u00edzhat\u00f3 sz\u00e1ll\u00edtm\u00e1nyoz\u00e1si megold\u00e1sok.","_seopress_robots_index":"","footnotes":""},"class_list":["post-137","page","type-page","status-publish","hentry"],"_links":{"self":[{"href":"https:\/\/transflowers.com\/en\/wp-json\/wp\/v2\/pages\/137","targetHints":{"allow":["GET"]}}],"collection":[{"href":"https:\/\/transflowers.com\/en\/wp-json\/wp\/v2\/pages"}],"about":[{"href":"https:\/\/transflowers.com\/en\/wp-json\/wp\/v2\/types\/page"}],"author":[{"embeddable":true,"href":"https:\/\/transflowers.com\/en\/wp-json\/wp\/v2\/users\/1"}],"replies":[{"embeddable":true,"href":"https:\/\/transflowers.com\/en\/wp-json\/wp\/v2\/comments?post=137"}],"version-history":[{"count":0,"href":"https:\/\/transflowers.com\/en\/wp-json\/wp\/v2\/pages\/137\/revisions"}],"wp:attachment":[{"href":"https:\/\/transflowers.com\/en\/wp-json\/wp\/v2\/media?parent=137"}],"curies":[{"name":"wp","href":"https:\/\/api.w.org\/{rel}","templated":true}]}}