{"id":1018,"date":"2026-03-30T11:52:00","date_gmt":"2026-03-30T09:52:00","guid":{"rendered":"https:\/\/transflowers.com\/?page_id=1018"},"modified":"2026-04-11T12:19:45","modified_gmt":"2026-04-11T10:19:45","slug":"telephely","status":"publish","type":"page","link":"https:\/\/transflowers.com\/en\/telephely\/","title":{"rendered":"Location"},"content":{"rendered":"<div data-elementor-type=\"wp-page\" data-elementor-id=\"1018\" class=\"elementor elementor-1018\" data-elementor-post-type=\"page\">\n\t\t\t\t<div class=\"elementor-element elementor-element-31ba3949 e-flex e-con-boxed e-con e-parent\" data-id=\"31ba3949\" data-element_type=\"container\" data-e-type=\"container\" data-settings=\"{&quot;background_background&quot;:&quot;classic&quot;}\">\n\t\t\t\t\t<div class=\"e-con-inner\">\n\t\t\t\t<div class=\"elementor-element elementor-element-73893004 elementor-widget elementor-widget-heading\" data-id=\"73893004\" data-element_type=\"widget\" data-e-type=\"widget\" data-widget_type=\"heading.default\">\n\t\t\t\t\t<h1 class=\"elementor-heading-title elementor-size-default\">Location<\/h1>\t\t\t\t<\/div>\n\t\t\t\t\t<\/div>\n\t\t\t\t<\/div>\n\t\t<div class=\"elementor-element elementor-element-248142c e-grid e-con-boxed e-con e-parent\" data-id=\"248142c\" data-element_type=\"container\" data-e-type=\"container\">\n\t\t\t\t\t<div class=\"e-con-inner\">\n\t\t\t\t<div class=\"elementor-element elementor-element-5e68896 elementor-view-stacked elementor-shape-circle elementor-position-block-start elementor-mobile-position-block-start elementor-widget elementor-widget-icon-box\" data-id=\"5e68896\" data-element_type=\"widget\" data-e-type=\"widget\" data-widget_type=\"icon-box.default\">\n\t\t\t\t\t\t\t<div class=\"elementor-icon-box-wrapper\">\n\n\t\t\t\t\t\t<div class=\"elementor-icon-box-icon\">\n\t\t\t\t<a href=\"https:\/\/www.google.com\/maps\/place\/Trans+Flowers+Logistica+Boda\/@47.6265151,21.6048463,593m\/data=!3m2!1e3!4b1!4m6!3m5!1s0x47476d12936c0137:0x3059e881186c562c!8m2!3d47.6265151!4d21.6048463!16s%2Fg%2F11h3mvm59g!5m1!1e1?hl=hu-HU&#038;entry=ttu&#038;g_ep=EgoyMDI1MTAwOC4wIKXMDSoASAFQAw%3D%3D\" target=\"_blank\" class=\"elementor-icon\" tabindex=\"-1\" aria-label=\"Telephely Magyarorsz\u00e1g 1.\">\n\t\t\t\t<i aria-hidden=\"true\" class=\"icon icon-google-map\"><\/i>\t\t\t\t<\/a>\n\t\t\t<\/div>\n\t\t\t\n\t\t\t\t\t\t<div class=\"elementor-icon-box-content\">\n\n\t\t\t\t\t\t\t\t\t<h2 class=\"elementor-icon-box-title\">\n\t\t\t\t\t\t<a href=\"https:\/\/www.google.com\/maps\/place\/Trans+Flowers+Logistica+Boda\/@47.6265151,21.6048463,593m\/data=!3m2!1e3!4b1!4m6!3m5!1s0x47476d12936c0137:0x3059e881186c562c!8m2!3d47.6265151!4d21.6048463!16s%2Fg%2F11h3mvm59g!5m1!1e1?hl=hu-HU&#038;entry=ttu&#038;g_ep=EgoyMDI1MTAwOC4wIKXMDSoASAFQAw%3D%3D\" target=\"_blank\" >\n\t\t\t\t\t\t\tTelephely Magyarorsz\u00e1g 1.\t\t\t\t\t\t<\/a>\n\t\t\t\t\t<\/h2>\n\t\t\t\t\n\t\t\t\t\t\t\t\t\t<p class=\"elementor-icon-box-description\">\n\t\t\t\t\t\tTrans Flowers Logistics Debrecen\t\t\t\t\t<\/p>\n\t\t\t\t\n\t\t\t<\/div>\n\t\t\t\n\t\t<\/div>\n\t\t\t\t\t\t<\/div>\n\t\t\t\t<div class=\"elementor-element elementor-element-f28eaf7 elementor-view-stacked elementor-shape-circle elementor-position-block-start elementor-mobile-position-block-start elementor-widget elementor-widget-icon-box\" data-id=\"f28eaf7\" data-element_type=\"widget\" data-e-type=\"widget\" data-widget_type=\"icon-box.default\">\n\t\t\t\t\t\t\t<div class=\"elementor-icon-box-wrapper\">\n\n\t\t\t\t\t\t<div class=\"elementor-icon-box-icon\">\n\t\t\t\t<a href=\"https:\/\/www.google.com\/maps\/place\/Trans+Flowers+Logistics+Szigetszentmikl%C3%B3s\/@47.3600809,19.051122,596m\/data=!3m2!1e3!4b1!4m6!3m5!1s0x4741e95b29d20ba7:0x56a9354a69e55806!8m2!3d47.3600809!4d19.051122!16s%2Fg%2F11fj63dfj5!5m1!1e1?hl=hu-HU&#038;entry=ttu&#038;g_ep=EgoyMDI1MTAwOC4wIKXMDSoASAFQAw%3D%3D\" target=\"_blank\" class=\"elementor-icon\" tabindex=\"-1\" aria-label=\"Telephely Magyarorsz\u00e1g 2.\">\n\t\t\t\t<i aria-hidden=\"true\" class=\"icon icon-google-map\"><\/i>\t\t\t\t<\/a>\n\t\t\t<\/div>\n\t\t\t\n\t\t\t\t\t\t<div class=\"elementor-icon-box-content\">\n\n\t\t\t\t\t\t\t\t\t<h2 class=\"elementor-icon-box-title\">\n\t\t\t\t\t\t<a href=\"https:\/\/www.google.com\/maps\/place\/Trans+Flowers+Logistics+Szigetszentmikl%C3%B3s\/@47.3600809,19.051122,596m\/data=!3m2!1e3!4b1!4m6!3m5!1s0x4741e95b29d20ba7:0x56a9354a69e55806!8m2!3d47.3600809!4d19.051122!16s%2Fg%2F11fj63dfj5!5m1!1e1?hl=hu-HU&#038;entry=ttu&#038;g_ep=EgoyMDI1MTAwOC4wIKXMDSoASAFQAw%3D%3D\" target=\"_blank\" >\n\t\t\t\t\t\t\tTelephely Magyarorsz\u00e1g 2.\t\t\t\t\t\t<\/a>\n\t\t\t\t\t<\/h2>\n\t\t\t\t\n\t\t\t\t\t\t\t\t\t<p class=\"elementor-icon-box-description\">\n\t\t\t\t\t\tTrans Flowers Logistics Szigetszentmikl\u00f3s\t\t\t\t\t<\/p>\n\t\t\t\t\n\t\t\t<\/div>\n\t\t\t\n\t\t<\/div>\n\t\t\t\t\t\t<\/div>\n\t\t\t\t<div class=\"elementor-element elementor-element-a843d61 elementor-view-stacked elementor-shape-circle elementor-position-block-start elementor-mobile-position-block-start elementor-widget elementor-widget-icon-box\" data-id=\"a843d61\" data-element_type=\"widget\" data-e-type=\"widget\" data-widget_type=\"icon-box.default\">\n\t\t\t\t\t\t\t<div class=\"elementor-icon-box-wrapper\">\n\n\t\t\t\t\t\t<div class=\"elementor-icon-box-icon\">\n\t\t\t\t<a href=\"https:\/\/www.google.com\/maps\/place\/TFL+AALSMEER\/@52.2562448,4.7968971,632m\/data=!3m2!1e3!4b1!4m6!3m5!1s0x47c5dfbba78415bf:0x64341fd998b8a861!8m2!3d52.2562448!4d4.7968971!16s%2Fg%2F11r7xmhcl4!5m1!1e1?hl=hu-HU&#038;entry=ttu&#038;g_ep=EgoyMDI2MDMxOC4xIKXMDSoASAFQAw%3D%3D\" target=\"_blank\" class=\"elementor-icon\" tabindex=\"-1\" aria-label=\"Hollandiai telephely\u00fcnk\">\n\t\t\t\t<i aria-hidden=\"true\" class=\"icon icon-google-map\"><\/i>\t\t\t\t<\/a>\n\t\t\t<\/div>\n\t\t\t\n\t\t\t\t\t\t<div class=\"elementor-icon-box-content\">\n\n\t\t\t\t\t\t\t\t\t<h2 class=\"elementor-icon-box-title\">\n\t\t\t\t\t\t<a href=\"https:\/\/www.google.com\/maps\/place\/TFL+AALSMEER\/@52.2562448,4.7968971,632m\/data=!3m2!1e3!4b1!4m6!3m5!1s0x47c5dfbba78415bf:0x64341fd998b8a861!8m2!3d52.2562448!4d4.7968971!16s%2Fg%2F11r7xmhcl4!5m1!1e1?hl=hu-HU&#038;entry=ttu&#038;g_ep=EgoyMDI2MDMxOC4xIKXMDSoASAFQAw%3D%3D\" target=\"_blank\" >\n\t\t\t\t\t\t\tHollandiai telephely\u00fcnk\t\t\t\t\t\t<\/a>\n\t\t\t\t\t<\/h2>\n\t\t\t\t\n\t\t\t\t\t\t\t\t\t<p class=\"elementor-icon-box-description\">\n\t\t\t\t\t\tTrans Flowers Logistics Amsterdam\t\t\t\t\t<\/p>\n\t\t\t\t\n\t\t\t<\/div>\n\t\t\t\n\t\t<\/div>\n\t\t\t\t\t\t<\/div>\n\t\t\t\t\t<\/div>\n\t\t\t\t<\/div>\n\t\t<div class=\"elementor-element elementor-element-292f80b e-flex e-con-boxed e-con e-parent\" data-id=\"292f80b\" data-element_type=\"container\" data-e-type=\"container\">\n\t\t\t\t\t<div class=\"e-con-inner\">\n\t\t\t\t\t<\/div>\n\t\t\t\t<\/div>\n\t\t\t\t<\/div>","protected":false},"excerpt":{"rendered":"<p>Telephely Telephely Magyarorsz\u00e1g 1. Trans Flowers Logistics Debrecen Telephely Magyarorsz\u00e1g 2. Trans Flowers Logistics Szigetszentmikl\u00f3s Hollandiai telephely\u00fcnk Trans Flowers Logistics Amsterdam<\/p>","protected":false},"author":1,"featured_media":0,"parent":0,"menu_order":0,"comment_status":"closed","ping_status":"closed","template":"elementor_header_footer","meta":{"_seopress_robots_primary_cat":"","_seopress_titles_title":"Telephelyeink | Debrecen, Szigetszentmikl\u00f3s, Amszterdam","_seopress_titles_desc":"Ismerd meg a Transflowers telephelyeit Debrecenben, Szigetszentmikl\u00f3son \u00e9s Amszterdam t\u00e9rs\u00e9g\u00e9ben logisztikai \u00e9s fuvaroz\u00e1si szolg\u00e1ltat\u00e1sokhoz.","_seopress_robots_index":"","footnotes":""},"class_list":["post-1018","page","type-page","status-publish","hentry"],"_links":{"self":[{"href":"https:\/\/transflowers.com\/en\/wp-json\/wp\/v2\/pages\/1018","targetHints":{"allow":["GET"]}}],"collection":[{"href":"https:\/\/transflowers.com\/en\/wp-json\/wp\/v2\/pages"}],"about":[{"href":"https:\/\/transflowers.com\/en\/wp-json\/wp\/v2\/types\/page"}],"author":[{"embeddable":true,"href":"https:\/\/transflowers.com\/en\/wp-json\/wp\/v2\/users\/1"}],"replies":[{"embeddable":true,"href":"https:\/\/transflowers.com\/en\/wp-json\/wp\/v2\/comments?post=1018"}],"version-history":[{"count":0,"href":"https:\/\/transflowers.com\/en\/wp-json\/wp\/v2\/pages\/1018\/revisions"}],"wp:attachment":[{"href":"https:\/\/transflowers.com\/en\/wp-json\/wp\/v2\/media?parent=1018"}],"curies":[{"name":"wp","href":"https:\/\/api.w.org\/{rel}","templated":true}]}}